{"id":915,"date":"2025-08-20T11:06:54","date_gmt":"2025-08-20T11:06:54","guid":{"rendered":"https:\/\/wp264032.wpdns.ca\/?page_id=915"},"modified":"2026-02-02T13:41:02","modified_gmt":"2026-02-02T13:41:02","slug":"blogs","status":"publish","type":"page","link":"https:\/\/logisticsalliance.com\/fr\/blogs\/","title":{"rendered":"Blogs &#038; Articles"},"content":{"rendered":"<div data-elementor-type=\"wp-page\" data-elementor-id=\"915\" class=\"elementor elementor-915\" data-elementor-settings=\"{&quot;element_pack_global_tooltip_width&quot;:{&quot;unit&quot;:&quot;px&quot;,&quot;size&quot;:&quot;&quot;,&quot;sizes&quot;:[]},&quot;element_pack_global_tooltip_width_tablet&quot;:{&quot;unit&quot;:&quot;px&quot;,&quot;size&quot;:&quot;&quot;,&quot;sizes&quot;:[]},&quot;element_pack_global_tooltip_width_mobile&quot;:{&quot;unit&quot;:&quot;px&quot;,&quot;size&quot;:&quot;&quot;,&quot;sizes&quot;:[]},&quot;element_pack_global_tooltip_padding&quot;:{&quot;unit&quot;:&quot;px&quot;,&quot;top&quot;:&quot;&quot;,&quot;right&quot;:&quot;&quot;,&quot;bottom&quot;:&quot;&quot;,&quot;left&quot;:&quot;&quot;,&quot;isLinked&quot;:true},&quot;element_pack_global_tooltip_padding_tablet&quot;:{&quot;unit&quot;:&quot;px&quot;,&quot;top&quot;:&quot;&quot;,&quot;right&quot;:&quot;&quot;,&quot;bottom&quot;:&quot;&quot;,&quot;left&quot;:&quot;&quot;,&quot;isLinked&quot;:true},&quot;element_pack_global_tooltip_padding_mobile&quot;:{&quot;unit&quot;:&quot;px&quot;,&quot;top&quot;:&quot;&quot;,&quot;right&quot;:&quot;&quot;,&quot;bottom&quot;:&quot;&quot;,&quot;left&quot;:&quot;&quot;,&quot;isLinked&quot;:true},&quot;element_pack_global_tooltip_border_radius&quot;:{&quot;unit&quot;:&quot;px&quot;,&quot;top&quot;:&quot;&quot;,&quot;right&quot;:&quot;&quot;,&quot;bottom&quot;:&quot;&quot;,&quot;left&quot;:&quot;&quot;,&quot;isLinked&quot;:true},&quot;element_pack_global_tooltip_border_radius_tablet&quot;:{&quot;unit&quot;:&quot;px&quot;,&quot;top&quot;:&quot;&quot;,&quot;right&quot;:&quot;&quot;,&quot;bottom&quot;:&quot;&quot;,&quot;left&quot;:&quot;&quot;,&quot;isLinked&quot;:true},&quot;element_pack_global_tooltip_border_radius_mobile&quot;:{&quot;unit&quot;:&quot;px&quot;,&quot;top&quot;:&quot;&quot;,&quot;right&quot;:&quot;&quot;,&quot;bottom&quot;:&quot;&quot;,&quot;left&quot;:&quot;&quot;,&quot;isLinked&quot;:true}}\" data-elementor-post-type=\"page\">\n\t\t\t\t\t\t<section class=\"elementor-section elementor-top-section elementor-element elementor-element-64f1ecb elementor-section-full_width elementor-section-height-default elementor-section-height-default\" data-id=\"64f1ecb\" data-element_type=\"section\" data-settings=\"{&quot;background_background&quot;:&quot;classic&quot;}\">\n\t\t\t\t\t\t<div class=\"elementor-container elementor-column-gap-default\">\n\t\t\t\t\t<div class=\"elementor-column elementor-col-100 elementor-top-column elementor-element elementor-element-863e6d7\" data-id=\"863e6d7\" data-element_type=\"column\">\n\t\t\t<div class=\"elementor-widget-wrap elementor-element-populated\">\n\t\t\t\t\t\t<div class=\"elementor-element elementor-element-2612318 elementor-widget elementor-widget-heading\" data-id=\"2612318\" data-element_type=\"widget\" data-widget_type=\"heading.default\">\n\t\t\t\t\t<h2 class=\"elementor-heading-title elementor-size-default\">Blogs<\/h2>\t\t\t\t<\/div>\n\t\t\t\t\t<\/div>\n\t\t<\/div>\n\t\t\t\t\t<\/div>\n\t\t<\/section>\n\t\t\t\t<section class=\"elementor-section elementor-top-section elementor-element elementor-element-f98e38b elementor-section-boxed elementor-section-height-default elementor-section-height-default\" data-id=\"f98e38b\" data-element_type=\"section\" data-settings=\"{&quot;background_background&quot;:&quot;classic&quot;}\">\n\t\t\t\t\t\t<div class=\"elementor-container elementor-column-gap-default\">\n\t\t\t\t\t<div class=\"elementor-column elementor-col-100 elementor-top-column elementor-element elementor-element-66fdd41\" data-id=\"66fdd41\" data-element_type=\"column\">\n\t\t\t<div class=\"elementor-widget-wrap elementor-element-populated\">\n\t\t\t\t\t\t<div class=\"elementor-element elementor-element-6182ca1 elementor-posts--align-left elementor-grid-3 elementor-grid-tablet-2 elementor-grid-mobile-1 elementor-posts--thumbnail-top elementor-card-shadow-yes elementor-posts__hover-gradient elementor-widget elementor-widget-posts\" data-id=\"6182ca1\" data-element_type=\"widget\" data-settings=\"{&quot;cards_row_gap&quot;:{&quot;unit&quot;:&quot;px&quot;,&quot;size&quot;:30,&quot;sizes&quot;:[]},&quot;cards_columns&quot;:&quot;3&quot;,&quot;cards_columns_tablet&quot;:&quot;2&quot;,&quot;cards_columns_mobile&quot;:&quot;1&quot;,&quot;cards_row_gap_tablet&quot;:{&quot;unit&quot;:&quot;px&quot;,&quot;size&quot;:&quot;&quot;,&quot;sizes&quot;:[]},&quot;cards_row_gap_mobile&quot;:{&quot;unit&quot;:&quot;px&quot;,&quot;size&quot;:&quot;&quot;,&quot;sizes&quot;:[]}}\" data-widget_type=\"posts.cards\">\n\t\t\t\t<div class=\"elementor-widget-container\">\n\t\t\t\t\t\t\t<div class=\"elementor-posts-container elementor-posts elementor-posts--skin-cards elementor-grid\" role=\"list\">\n\t\t\t\t<article class=\"elementor-post elementor-grid-item post-2882 post type-post status-publish format-standard has-post-thumbnail hentry category-uncategorized\" role=\"listitem\">\n\t\t\t<div class=\"elementor-post__card\">\n\t\t\t\t<a class=\"elementor-post__thumbnail__link\" href=\"https:\/\/logisticsalliance.com\/fr\/understanding-fuel-costs\/\" tabindex=\"-1\" ><div class=\"elementor-post__thumbnail\"><img fetchpriority=\"high\" decoding=\"async\" width=\"1118\" height=\"498\" src=\"https:\/\/logisticsalliance.com\/wp-content\/uploads\/2026\/03\/LA-Fuel-blog.png\" class=\"attachment-full size-full wp-image-2897\" alt=\"\" srcset=\"https:\/\/logisticsalliance.com\/wp-content\/uploads\/2026\/03\/LA-Fuel-blog.png 1118w, https:\/\/logisticsalliance.com\/wp-content\/uploads\/2026\/03\/LA-Fuel-blog-300x134.png 300w, https:\/\/logisticsalliance.com\/wp-content\/uploads\/2026\/03\/LA-Fuel-blog-1024x456.png 1024w, https:\/\/logisticsalliance.com\/wp-content\/uploads\/2026\/03\/LA-Fuel-blog-768x342.png 768w, https:\/\/logisticsalliance.com\/wp-content\/uploads\/2026\/03\/LA-Fuel-blog-18x8.png 18w\" sizes=\"(max-width: 1118px) 100vw, 1118px\" \/><\/div><\/a>\n\t\t\t\t<div class=\"elementor-post__text\">\n\t\t\t\t<h3 class=\"elementor-post__title\">\n\t\t\t<a href=\"https:\/\/logisticsalliance.com\/fr\/understanding-fuel-costs\/\" >\n\t\t\t\tComprendre les co\u00fbts de carburant dans le transport de marchandises pour les fournisseurs\t\t\t<\/a>\n\t\t<\/h3>\n\t\t\t\t\t<div class=\"elementor-post__read-more-wrapper\">\n\t\t\n\t\t<a class=\"elementor-post__read-more\" href=\"https:\/\/logisticsalliance.com\/fr\/understanding-fuel-costs\/\" aria-label=\"Read more about Understanding Fuel Costs in Freight Transportation for Suppliers\" tabindex=\"-1\" >\n\t\t\tLire la suite\t\t<\/a>\n\n\t\t\t\t\t<\/div>\n\t\t\t\t<\/div>\n\t\t\t\t\t<\/div>\n\t\t<\/article>\n\t\t\t\t<article class=\"elementor-post elementor-grid-item post-2834 post type-post status-publish format-standard has-post-thumbnail hentry category-uncategorized\" role=\"listitem\">\n\t\t\t<div class=\"elementor-post__card\">\n\t\t\t\t<a class=\"elementor-post__thumbnail__link\" href=\"https:\/\/logisticsalliance.com\/fr\/press-release-february-2-2026\/\" tabindex=\"-1\" ><div class=\"elementor-post__thumbnail\"><img decoding=\"async\" width=\"1118\" height=\"498\" src=\"https:\/\/logisticsalliance.com\/wp-content\/uploads\/2026\/01\/LA-Feb-2-2026-press-release-hero.png\" class=\"attachment-full size-full wp-image-2839\" alt=\"\" srcset=\"https:\/\/logisticsalliance.com\/wp-content\/uploads\/2026\/01\/LA-Feb-2-2026-press-release-hero.png 1118w, https:\/\/logisticsalliance.com\/wp-content\/uploads\/2026\/01\/LA-Feb-2-2026-press-release-hero-300x134.png 300w, https:\/\/logisticsalliance.com\/wp-content\/uploads\/2026\/01\/LA-Feb-2-2026-press-release-hero-1024x456.png 1024w, https:\/\/logisticsalliance.com\/wp-content\/uploads\/2026\/01\/LA-Feb-2-2026-press-release-hero-768x342.png 768w, https:\/\/logisticsalliance.com\/wp-content\/uploads\/2026\/01\/LA-Feb-2-2026-press-release-hero-18x8.png 18w\" sizes=\"(max-width: 1118px) 100vw, 1118px\" \/><\/div><\/a>\n\t\t\t\t<div class=\"elementor-post__text\">\n\t\t\t\t<h3 class=\"elementor-post__title\">\n\t\t\t<a href=\"https:\/\/logisticsalliance.com\/fr\/press-release-february-2-2026\/\" >\n\t\t\t\tCOMMUNIQU\u00c9 DE PRESSE : Logistics Alliance Annonce une Transformation Organisationnelle et le Lancement d'Altruos\t\t\t<\/a>\n\t\t<\/h3>\n\t\t\t\t\t<div class=\"elementor-post__read-more-wrapper\">\n\t\t\n\t\t<a class=\"elementor-post__read-more\" href=\"https:\/\/logisticsalliance.com\/fr\/press-release-february-2-2026\/\" aria-label=\"Read more about PRESS RELEASE: Logistics Alliance Announces Organizational Transformation and Launch of Altruos\" tabindex=\"-1\" >\n\t\t\tLire la suite\t\t<\/a>\n\n\t\t\t\t\t<\/div>\n\t\t\t\t<\/div>\n\t\t\t\t\t<\/div>\n\t\t<\/article>\n\t\t\t\t<article class=\"elementor-post elementor-grid-item post-2776 post type-post status-publish format-standard has-post-thumbnail hentry category-uncategorized\" role=\"listitem\">\n\t\t\t<div class=\"elementor-post__card\">\n\t\t\t\t<a class=\"elementor-post__thumbnail__link\" href=\"https:\/\/logisticsalliance.com\/fr\/operationalizing-the-canada-grocery-code-of-conduct\/\" tabindex=\"-1\" ><div class=\"elementor-post__thumbnail\"><img decoding=\"async\" width=\"1118\" height=\"498\" src=\"https:\/\/logisticsalliance.com\/wp-content\/uploads\/2026\/01\/blog-hero.png\" class=\"attachment-full size-full wp-image-2784\" alt=\"\" srcset=\"https:\/\/logisticsalliance.com\/wp-content\/uploads\/2026\/01\/blog-hero.png 1118w, https:\/\/logisticsalliance.com\/wp-content\/uploads\/2026\/01\/blog-hero-300x134.png 300w, https:\/\/logisticsalliance.com\/wp-content\/uploads\/2026\/01\/blog-hero-1024x456.png 1024w, https:\/\/logisticsalliance.com\/wp-content\/uploads\/2026\/01\/blog-hero-768x342.png 768w, https:\/\/logisticsalliance.com\/wp-content\/uploads\/2026\/01\/blog-hero-18x8.png 18w\" sizes=\"(max-width: 1118px) 100vw, 1118px\" \/><\/div><\/a>\n\t\t\t\t<div class=\"elementor-post__text\">\n\t\t\t\t<h3 class=\"elementor-post__title\">\n\t\t\t<a href=\"https:\/\/logisticsalliance.com\/fr\/operationalizing-the-canada-grocery-code-of-conduct\/\" >\n\t\t\t\tMise en \u0153uvre du Code de conduite canadien pour les \u00e9piceries : ce que cela signifie au-del\u00e0 des accords commerciaux\t\t\t<\/a>\n\t\t<\/h3>\n\t\t\t\t\t<div class=\"elementor-post__read-more-wrapper\">\n\t\t\n\t\t<a class=\"elementor-post__read-more\" href=\"https:\/\/logisticsalliance.com\/fr\/operationalizing-the-canada-grocery-code-of-conduct\/\" aria-label=\"Read more about Operationalizing the Canada Grocery Code of Conduct: What It Means Beyond Commercial Agreements\" tabindex=\"-1\" >\n\t\t\tLire la suite\t\t<\/a>\n\n\t\t\t\t\t<\/div>\n\t\t\t\t<\/div>\n\t\t\t\t\t<\/div>\n\t\t<\/article>\n\t\t\t\t<article class=\"elementor-post elementor-grid-item post-2224 post type-post status-publish format-standard has-post-thumbnail hentry category-uncategorized\" role=\"listitem\">\n\t\t\t<div class=\"elementor-post__card\">\n\t\t\t\t<a class=\"elementor-post__thumbnail__link\" href=\"https:\/\/logisticsalliance.com\/fr\/pourquoi-l-expertise-de-vente-au-detail-est-elle-importante-dans-le-monde-de-la-logistique\/\" tabindex=\"-1\" ><div class=\"elementor-post__thumbnail\"><img loading=\"lazy\" decoding=\"async\" width=\"1118\" height=\"498\" src=\"https:\/\/logisticsalliance.com\/wp-content\/uploads\/2025\/09\/LA-blog-hero-1.png\" class=\"attachment-full size-full wp-image-2375\" alt=\"\" srcset=\"https:\/\/logisticsalliance.com\/wp-content\/uploads\/2025\/09\/LA-blog-hero-1.png 1118w, https:\/\/logisticsalliance.com\/wp-content\/uploads\/2025\/09\/LA-blog-hero-1-300x134.png 300w, https:\/\/logisticsalliance.com\/wp-content\/uploads\/2025\/09\/LA-blog-hero-1-1024x456.png 1024w, https:\/\/logisticsalliance.com\/wp-content\/uploads\/2025\/09\/LA-blog-hero-1-768x342.png 768w, https:\/\/logisticsalliance.com\/wp-content\/uploads\/2025\/09\/LA-blog-hero-1-18x8.png 18w\" sizes=\"(max-width: 1118px) 100vw, 1118px\" \/><\/div><\/a>\n\t\t\t\t<div class=\"elementor-post__text\">\n\t\t\t\t<h3 class=\"elementor-post__title\">\n\t\t\t<a href=\"https:\/\/logisticsalliance.com\/fr\/pourquoi-l-expertise-de-vente-au-detail-est-elle-importante-dans-le-monde-de-la-logistique\/\" >\n\t\t\t\tPourquoi l'expertise en vente au d\u00e9tail est importante dans le monde de la logistique\t\t\t<\/a>\n\t\t<\/h3>\n\t\t\t\t\t<div class=\"elementor-post__read-more-wrapper\">\n\t\t\n\t\t<a class=\"elementor-post__read-more\" href=\"https:\/\/logisticsalliance.com\/fr\/pourquoi-l-expertise-de-vente-au-detail-est-elle-importante-dans-le-monde-de-la-logistique\/\" aria-label=\"Read more about Why Retail Expertise Matters in the Logistics World\" tabindex=\"-1\" >\n\t\t\tLire la suite\t\t<\/a>\n\n\t\t\t\t\t<\/div>\n\t\t\t\t<\/div>\n\t\t\t\t\t<\/div>\n\t\t<\/article>\n\t\t\t\t<article class=\"elementor-post elementor-grid-item post-2207 post type-post status-publish format-standard has-post-thumbnail hentry category-uncategorized\" role=\"listitem\">\n\t\t\t<div class=\"elementor-post__card\">\n\t\t\t\t<a class=\"elementor-post__thumbnail__link\" href=\"https:\/\/logisticsalliance.com\/fr\/la-puissance-d-un-ecosysteme-logistique-connecte\/\" tabindex=\"-1\" ><div class=\"elementor-post__thumbnail\"><img loading=\"lazy\" decoding=\"async\" width=\"1118\" height=\"498\" src=\"https:\/\/logisticsalliance.com\/wp-content\/uploads\/2025\/09\/LA-Ecosystem-blog_hero.png\" class=\"attachment-full size-full wp-image-2331\" alt=\"\" srcset=\"https:\/\/logisticsalliance.com\/wp-content\/uploads\/2025\/09\/LA-Ecosystem-blog_hero.png 1118w, https:\/\/logisticsalliance.com\/wp-content\/uploads\/2025\/09\/LA-Ecosystem-blog_hero-300x134.png 300w, https:\/\/logisticsalliance.com\/wp-content\/uploads\/2025\/09\/LA-Ecosystem-blog_hero-1024x456.png 1024w, https:\/\/logisticsalliance.com\/wp-content\/uploads\/2025\/09\/LA-Ecosystem-blog_hero-768x342.png 768w, https:\/\/logisticsalliance.com\/wp-content\/uploads\/2025\/09\/LA-Ecosystem-blog_hero-18x8.png 18w\" sizes=\"(max-width: 1118px) 100vw, 1118px\" \/><\/div><\/a>\n\t\t\t\t<div class=\"elementor-post__text\">\n\t\t\t\t<h3 class=\"elementor-post__title\">\n\t\t\t<a href=\"https:\/\/logisticsalliance.com\/fr\/la-puissance-d-un-ecosysteme-logistique-connecte\/\" >\n\t\t\t\tLa puissance d'un \u00e9cosyst\u00e8me logistique connect\u00e9\t\t\t<\/a>\n\t\t<\/h3>\n\t\t\t\t\t<div class=\"elementor-post__read-more-wrapper\">\n\t\t\n\t\t<a class=\"elementor-post__read-more\" href=\"https:\/\/logisticsalliance.com\/fr\/la-puissance-d-un-ecosysteme-logistique-connecte\/\" aria-label=\"Read more about The Power of a Connected Logistics Ecosystem\" tabindex=\"-1\" >\n\t\t\tLire la suite\t\t<\/a>\n\n\t\t\t\t\t<\/div>\n\t\t\t\t<\/div>\n\t\t\t\t\t<\/div>\n\t\t<\/article>\n\t\t\t\t<\/div>\n\t\t\n\t\t\t\t\t\t<\/div>\n\t\t\t\t<\/div>\n\t\t\t\t\t<\/div>\n\t\t<\/div>\n\t\t\t\t\t<\/div>\n\t\t<\/section>\n\t\t\t\t<\/div>","protected":false},"excerpt":{"rendered":"<p>Blogs<\/p>","protected":false},"author":2,"featured_media":0,"parent":0,"menu_order":0,"comment_status":"closed","ping_status":"closed","template":"","meta":{"footnotes":""},"class_list":["post-915","page","type-page","status-publish","hentry"],"_links":{"self":[{"href":"https:\/\/logisticsalliance.com\/fr\/wp-json\/wp\/v2\/pages\/915","targetHints":{"allow":["GET"]}}],"collection":[{"href":"https:\/\/logisticsalliance.com\/fr\/wp-json\/wp\/v2\/pages"}],"about":[{"href":"https:\/\/logisticsalliance.com\/fr\/wp-json\/wp\/v2\/types\/page"}],"author":[{"embeddable":true,"href":"https:\/\/logisticsalliance.com\/fr\/wp-json\/wp\/v2\/users\/2"}],"replies":[{"embeddable":true,"href":"https:\/\/logisticsalliance.com\/fr\/wp-json\/wp\/v2\/comments?post=915"}],"version-history":[{"count":94,"href":"https:\/\/logisticsalliance.com\/fr\/wp-json\/wp\/v2\/pages\/915\/revisions"}],"predecessor-version":[{"id":2847,"href":"https:\/\/logisticsalliance.com\/fr\/wp-json\/wp\/v2\/pages\/915\/revisions\/2847"}],"wp:attachment":[{"href":"https:\/\/logisticsalliance.com\/fr\/wp-json\/wp\/v2\/media?parent=915"}],"curies":[{"name":"wp","href":"https:\/\/api.w.org\/{rel}","templated":true}]}}