{"id":2700,"date":"2025-11-27T18:37:59","date_gmt":"2025-11-27T18:37:59","guid":{"rendered":"https:\/\/logisticsalliance.com\/?page_id=2700"},"modified":"2025-12-03T21:22:36","modified_gmt":"2025-12-03T21:22:36","slug":"grocery-code-of-conduct","status":"publish","type":"page","link":"https:\/\/logisticsalliance.com\/fr\/grocery-code-of-conduct\/","title":{"rendered":"Grocery Code of Conduct"},"content":{"rendered":"<div data-elementor-type=\"wp-page\" data-elementor-id=\"2700\" class=\"elementor elementor-2700\" data-elementor-settings=\"{&quot;element_pack_global_tooltip_width&quot;:{&quot;unit&quot;:&quot;px&quot;,&quot;size&quot;:&quot;&quot;,&quot;sizes&quot;:[]},&quot;element_pack_global_tooltip_width_tablet&quot;:{&quot;unit&quot;:&quot;px&quot;,&quot;size&quot;:&quot;&quot;,&quot;sizes&quot;:[]},&quot;element_pack_global_tooltip_width_mobile&quot;:{&quot;unit&quot;:&quot;px&quot;,&quot;size&quot;:&quot;&quot;,&quot;sizes&quot;:[]},&quot;element_pack_global_tooltip_padding&quot;:{&quot;unit&quot;:&quot;px&quot;,&quot;top&quot;:&quot;&quot;,&quot;right&quot;:&quot;&quot;,&quot;bottom&quot;:&quot;&quot;,&quot;left&quot;:&quot;&quot;,&quot;isLinked&quot;:true},&quot;element_pack_global_tooltip_padding_tablet&quot;:{&quot;unit&quot;:&quot;px&quot;,&quot;top&quot;:&quot;&quot;,&quot;right&quot;:&quot;&quot;,&quot;bottom&quot;:&quot;&quot;,&quot;left&quot;:&quot;&quot;,&quot;isLinked&quot;:true},&quot;element_pack_global_tooltip_padding_mobile&quot;:{&quot;unit&quot;:&quot;px&quot;,&quot;top&quot;:&quot;&quot;,&quot;right&quot;:&quot;&quot;,&quot;bottom&quot;:&quot;&quot;,&quot;left&quot;:&quot;&quot;,&quot;isLinked&quot;:true},&quot;element_pack_global_tooltip_border_radius&quot;:{&quot;unit&quot;:&quot;px&quot;,&quot;top&quot;:&quot;&quot;,&quot;right&quot;:&quot;&quot;,&quot;bottom&quot;:&quot;&quot;,&quot;left&quot;:&quot;&quot;,&quot;isLinked&quot;:true},&quot;element_pack_global_tooltip_border_radius_tablet&quot;:{&quot;unit&quot;:&quot;px&quot;,&quot;top&quot;:&quot;&quot;,&quot;right&quot;:&quot;&quot;,&quot;bottom&quot;:&quot;&quot;,&quot;left&quot;:&quot;&quot;,&quot;isLinked&quot;:true},&quot;element_pack_global_tooltip_border_radius_mobile&quot;:{&quot;unit&quot;:&quot;px&quot;,&quot;top&quot;:&quot;&quot;,&quot;right&quot;:&quot;&quot;,&quot;bottom&quot;:&quot;&quot;,&quot;left&quot;:&quot;&quot;,&quot;isLinked&quot;:true}}\" data-elementor-post-type=\"page\">\n\t\t\t\t\t\t<section class=\"elementor-section elementor-top-section elementor-element elementor-element-07ec0b1 elementor-section-full_width elementor-section-height-default elementor-section-height-default\" data-id=\"07ec0b1\" data-element_type=\"section\" data-settings=\"{&quot;background_background&quot;:&quot;classic&quot;}\">\n\t\t\t\t\t\t<div class=\"elementor-container elementor-column-gap-default\">\n\t\t\t\t\t<div class=\"elementor-column elementor-col-100 elementor-top-column elementor-element elementor-element-8971e88\" data-id=\"8971e88\" data-element_type=\"column\">\n\t\t\t<div class=\"elementor-widget-wrap elementor-element-populated\">\n\t\t\t\t\t\t<div class=\"elementor-element elementor-element-f0faa2e elementor-widget elementor-widget-heading\" data-id=\"f0faa2e\" data-element_type=\"widget\" data-widget_type=\"heading.default\">\n\t\t\t\t\t<h1 class=\"elementor-heading-title elementor-size-default\">Alliance logistique et Code de conduite des \u00e9piceries du Canada<\/h1>\t\t\t\t<\/div>\n\t\t\t\t<div class=\"elementor-element elementor-element-cd8ec81 elementor-widget elementor-widget-text-editor\" data-id=\"cd8ec81\" data-element_type=\"widget\" data-widget_type=\"text-editor.default\">\n\t\t\t\t\t\t\t\t\t<p><em><strong>Favoriser la transparence, l'\u00e9quit\u00e9 et la collaboration dans la cha\u00eene d'approvisionnement du commerce de d\u00e9tail au Canada<\/strong><\/em><\/p>\t\t\t\t\t\t\t\t<\/div>\n\t\t\t\t<div class=\"elementor-element elementor-element-55feba4 elementor-widget elementor-widget-image\" data-id=\"55feba4\" data-element_type=\"widget\" data-widget_type=\"image.default\">\n\t\t\t\t\t\t\t\t\t\t\t\t\t\t\t\t<a href=\"https:\/\/canadacode.org\/\" target=\"_blank\">\n\t\t\t\t\t\t\t<img fetchpriority=\"high\" decoding=\"async\" width=\"580\" height=\"394\" src=\"https:\/\/logisticsalliance.com\/wp-content\/uploads\/2025\/11\/Grocery-code-of-conduct-image_French.png\" class=\"attachment-2048x2048 size-2048x2048 wp-image-2702\" alt=\"\" srcset=\"https:\/\/logisticsalliance.com\/wp-content\/uploads\/2025\/11\/Grocery-code-of-conduct-image_French.png 1024w, https:\/\/logisticsalliance.com\/wp-content\/uploads\/2025\/11\/Grocery-code-of-conduct-image_French-300x200.png 300w, https:\/\/logisticsalliance.com\/wp-content\/uploads\/2025\/11\/Grocery-code-of-conduct-image_French-768x513.png 768w, https:\/\/logisticsalliance.com\/wp-content\/uploads\/2025\/11\/Grocery-code-of-conduct-image_French-18x12.png 18w\" sizes=\"(max-width: 580px) 100vw, 580px\" \/>\t\t\t\t\t\t\t\t<\/a>\n\t\t\t\t\t\t\t\t\t\t\t\t\t\t\t<\/div>\n\t\t\t\t<div class=\"elementor-element elementor-element-c6c7d1d elementor-widget elementor-widget-spacer\" data-id=\"c6c7d1d\" data-element_type=\"widget\" data-widget_type=\"spacer.default\">\n\t\t\t\t\t\t\t<div class=\"elementor-spacer\">\n\t\t\t<div class=\"elementor-spacer-inner\"><\/div>\n\t\t<\/div>\n\t\t\t\t\t\t<\/div>\n\t\t\t\t<div class=\"elementor-element elementor-element-2f338fb elementor-widget elementor-widget-heading\" data-id=\"2f338fb\" data-element_type=\"widget\" data-widget_type=\"heading.default\">\n\t\t\t\t\t<h2 class=\"elementor-heading-title elementor-size-default\">Position de l'Alliance logistique<\/h2>\t\t\t\t<\/div>\n\t\t\t\t<section class=\"elementor-section elementor-inner-section elementor-element elementor-element-7a5f9cc elementor-section-boxed elementor-section-height-default elementor-section-height-default\" data-id=\"7a5f9cc\" data-element_type=\"section\">\n\t\t\t\t\t\t<div class=\"elementor-container elementor-column-gap-default\">\n\t\t\t\t\t<div class=\"elementor-column elementor-col-100 elementor-inner-column elementor-element elementor-element-254cdd5\" data-id=\"254cdd5\" data-element_type=\"column\">\n\t\t\t<div class=\"elementor-widget-wrap elementor-element-populated\">\n\t\t\t\t\t\t<div class=\"elementor-element elementor-element-15a68d1 elementor-widget elementor-widget-text-editor\" data-id=\"15a68d1\" data-element_type=\"widget\" data-widget_type=\"text-editor.default\">\n\t\t\t\t\t\t\t\t\t<p class=\"cvGsUA direction-ltr align-start para-style-body\"><span class=\"a_GcMg font-feature-liga-off font-feature-clig-off font-feature-calt-off text-decoration-none text-strikethrough-none\">En tant que partenaire logistique de quatri\u00e8me partie (4PL) travaillant directement entre les fournisseurs et les d\u00e9taillants, Logistics Alliance occupe une place unique dans la cha\u00eene d'approvisionnement alimentaire du Canada.<\/span><\/p><p>\u00a0<\/p><p class=\"cvGsUA direction-ltr align-start para-style-body\"><span class=\"a_GcMg font-feature-liga-off font-feature-clig-off font-feature-calt-off text-decoration-none text-strikethrough-none\">Nous ne sommes pas signataires du Code, mais nous contribuons activement \u00e0 la mise en \u0153uvre de ses principes, en favorisant la transparence, la collaboration et la confiance mutuelle sur lesquelles repose le Code de conduite de Canada Grocery. <strong><span style=\"text-decoration: underline;\"><a href=\"https:\/\/canadacode.org\/\" target=\"_blank\" rel=\"noopener\">Code de conduite sur l\u2019\u00e9picerie au Canada<\/a><\/span><\/strong> is built upon.<\/span><\/p><p>\u00a0<\/p><p class=\"cvGsUA direction-ltr align-start para-style-body\"><span class=\"a_GcMg font-feature-liga-off font-feature-clig-off font-feature-calt-off text-decoration-none text-strikethrough-none\">Gr\u00e2ce \u00e0 notre personnel, nos processus et notre plateforme logistique connect\u00e9e, Altruos, nous contribuons \u00e0 r\u00e9duire les frictions et les litiges financiers que le Code canadien des produits alimentaires vise \u00e0 \u00e9liminer, en veillant \u00e0 ce que chaque exp\u00e9dition se d\u00e9roule de mani\u00e8re efficace, \u00e9quitable et conforme aux attentes des d\u00e9taillants et aux ententes avec les fournisseurs.<\/span><\/p>\t\t\t\t\t\t\t\t<\/div>\n\t\t\t\t\t<\/div>\n\t\t<\/div>\n\t\t\t\t\t<\/div>\n\t\t<\/section>\n\t\t\t\t<div class=\"elementor-element elementor-element-26e98f5 elementor-widget elementor-widget-image\" data-id=\"26e98f5\" data-element_type=\"widget\" data-widget_type=\"image.default\">\n\t\t\t\t\t\t\t\t\t\t\t\t\t\t\t\t<a href=\"https:\/\/canadacode.org\/\" target=\"_blank\">\n\t\t\t\t\t\t\t<img decoding=\"async\" width=\"535\" height=\"187\" src=\"https:\/\/logisticsalliance.com\/wp-content\/uploads\/2025\/11\/GCC-objective-principles-image_french.png\" class=\"attachment-2048x2048 size-2048x2048 wp-image-2705\" alt=\"\" srcset=\"https:\/\/logisticsalliance.com\/wp-content\/uploads\/2025\/11\/GCC-objective-principles-image_french.png 532w, https:\/\/logisticsalliance.com\/wp-content\/uploads\/2025\/11\/GCC-objective-principles-image_french-300x105.png 300w, https:\/\/logisticsalliance.com\/wp-content\/uploads\/2025\/11\/GCC-objective-principles-image_french-18x6.png 18w\" sizes=\"(max-width: 535px) 100vw, 535px\" \/>\t\t\t\t\t\t\t\t<\/a>\n\t\t\t\t\t\t\t\t\t\t\t\t\t\t\t<\/div>\n\t\t\t\t\t<\/div>\n\t\t<\/div>\n\t\t\t\t\t<\/div>\n\t\t<\/section>\n\t\t\t\t<section class=\"elementor-section elementor-top-section elementor-element elementor-element-04ca206 elementor-section-boxed elementor-section-height-default elementor-section-height-default\" data-id=\"04ca206\" data-element_type=\"section\">\n\t\t\t\t\t\t<div class=\"elementor-container elementor-column-gap-default\">\n\t\t\t\t\t<div class=\"elementor-column elementor-col-100 elementor-top-column elementor-element elementor-element-9115df3\" data-id=\"9115df3\" data-element_type=\"column\">\n\t\t\t<div class=\"elementor-widget-wrap elementor-element-populated\">\n\t\t\t\t\t\t<div class=\"elementor-element elementor-element-f8cc593 elementor-widget elementor-widget-heading\" data-id=\"f8cc593\" data-element_type=\"widget\" data-widget_type=\"heading.default\">\n\t\t\t\t\t<h2 class=\"elementor-heading-title elementor-size-default\">Notre engagement envers les deux parties<\/h2>\t\t\t\t<\/div>\n\t\t\t\t<div class=\"elementor-element elementor-element-e16e4b3 elementor-widget elementor-widget-text-editor\" data-id=\"e16e4b3\" data-element_type=\"widget\" data-widget_type=\"text-editor.default\">\n\t\t\t\t\t\t\t\t\t<p class=\"cvGsUA direction-ltr align-start para-style-body\"><span class=\"a_GcMg font-feature-liga-off font-feature-clig-off font-feature-calt-off text-decoration-none text-strikethrough-none\">Nous comprenons l'\u00e9quilibre n\u00e9cessaire pour soutenir \u00e0 la fois les fournisseurs et les d\u00e9taillants.<\/span><\/p><p class=\"cvGsUA direction-ltr align-start para-style-body\"><span class=\"a_GcMg font-feature-liga-off font-feature-clig-off font-feature-calt-off text-decoration-none text-strikethrough-none\">Notre mission n\u2019est pas de d\u00e9signer des coupables, mais de renforcer la confiance et l\u2019efficacit\u00e9 tout au long de la cha\u00eene d\u2019approvisionnement en cr\u00e9ant des syst\u00e8mes et des pratiques conformes \u00e0 l\u2019esprit du Code\u00a0<\/span><\/p>\t\t\t\t\t\t\t\t<\/div>\n\t\t\t\t<div class=\"elementor-element elementor-element-e15059c elementor-blockquote--skin-border elementor-widget elementor-widget-blockquote\" data-id=\"e15059c\" data-element_type=\"widget\" data-widget_type=\"blockquote.default\">\n\t\t\t\t\t\t\t<blockquote class=\"elementor-blockquote\">\n\t\t\t<p class=\"elementor-blockquote__content\">\n\t\t\t\t\u00ab Bonne foi, pr\u00e9avis raisonnable, communication efficace et responsabilit\u00e9 mutuelle. \u00bb\t\t\t<\/p>\n\t\t\t\t\t<\/blockquote>\n\t\t\t\t\t\t<\/div>\n\t\t\t\t<div class=\"elementor-element elementor-element-794c777 elementor-widget elementor-widget-text-editor\" data-id=\"794c777\" data-element_type=\"widget\" data-widget_type=\"text-editor.default\">\n\t\t\t\t\t\t\t\t\t<p>En agissant comme un pont et non comme une barri\u00e8re, nous simplifions la conformit\u00e9, renfor\u00e7ons la collaboration et rendons les r\u00e9sultats plus \u00e9quitables pour toutes les parties prenantes.<\/p>\t\t\t\t\t\t\t\t<\/div>\n\t\t\t\t<div class=\"elementor-element elementor-element-de62af1 elementor-widget elementor-widget-heading\" data-id=\"de62af1\" data-element_type=\"widget\" data-widget_type=\"heading.default\">\n\t\t\t\t\t<h2 class=\"elementor-heading-title elementor-size-default\">Nos piliers de soutien<\/h2>\t\t\t\t<\/div>\n\t\t\t\t<div class=\"elementor-element elementor-element-d8ae54c elementor-widget elementor-widget-text-editor\" data-id=\"d8ae54c\" data-element_type=\"widget\" data-widget_type=\"text-editor.default\">\n\t\t\t\t\t\t\t\t\t<p>Ensemble, ces piliers refl\u00e8tent notre r\u00f4le de partenaire dans la mise en \u0153uvre du Code de conduite du secteur de l'\u00e9picerie, aidant les fournisseurs et les d\u00e9taillants \u00e0 mieux collaborer gr\u00e2ce \u00e0 la transparence, l'efficacit\u00e9 et la r\u00e9ussite partag\u00e9e.<\/p>\t\t\t\t\t\t\t\t<\/div>\n\t\t\t\t<div class=\"elementor-element elementor-element-3e34bc3 elementor-widget elementor-widget-image\" data-id=\"3e34bc3\" data-element_type=\"widget\" data-widget_type=\"image.default\">\n\t\t\t\t\t\t\t\t\t\t\t\t\t\t\t<img decoding=\"async\" width=\"768\" height=\"994\" src=\"https:\/\/logisticsalliance.com\/wp-content\/uploads\/2025\/12\/website-image_french.png\" class=\"attachment-medium_large size-medium_large wp-image-2757\" alt=\"\" srcset=\"https:\/\/logisticsalliance.com\/wp-content\/uploads\/2025\/12\/website-image_french.png 1545w, https:\/\/logisticsalliance.com\/wp-content\/uploads\/2025\/12\/website-image_french-232x300.png 232w, https:\/\/logisticsalliance.com\/wp-content\/uploads\/2025\/12\/website-image_french-791x1024.png 791w, https:\/\/logisticsalliance.com\/wp-content\/uploads\/2025\/12\/website-image_french-768x994.png 768w, https:\/\/logisticsalliance.com\/wp-content\/uploads\/2025\/12\/website-image_french-1187x1536.png 1187w, https:\/\/logisticsalliance.com\/wp-content\/uploads\/2025\/12\/website-image_french-9x12.png 9w\" sizes=\"(max-width: 768px) 100vw, 768px\" \/>\t\t\t\t\t\t\t\t\t\t\t\t\t\t\t<\/div>\n\t\t\t\t<div class=\"elementor-element elementor-element-9dee6cf elementor-widget elementor-widget-spacer\" data-id=\"9dee6cf\" data-element_type=\"widget\" data-widget_type=\"spacer.default\">\n\t\t\t\t\t\t\t<div class=\"elementor-spacer\">\n\t\t\t<div class=\"elementor-spacer-inner\"><\/div>\n\t\t<\/div>\n\t\t\t\t\t\t<\/div>\n\t\t\t\t<div class=\"elementor-element elementor-element-dde70d4 elementor-widget elementor-widget-heading\" data-id=\"dde70d4\" data-element_type=\"widget\" data-widget_type=\"heading.default\">\n\t\t\t\t\t<h2 class=\"elementor-heading-title elementor-size-default\">Notre r\u00f4le dans le soutien du code<\/h2>\t\t\t\t<\/div>\n\t\t\t\t<div class=\"elementor-element elementor-element-b4eb7b5 elementor-widget elementor-widget-text-editor\" data-id=\"b4eb7b5\" data-element_type=\"widget\" data-widget_type=\"text-editor.default\">\n\t\t\t\t\t\t\t\t\t<p><span class=\"a_GcMg font-feature-liga-off font-feature-clig-off font-feature-calt-off text-decoration-none text-strikethrough-none\">Nous adh\u00e9rons aux objectifs et aux principes du Code canadien de l\u2019\u00e9picerie et les promouvons activement, aidant ainsi nos partenaires \u00e0 mettre en pratique ses valeurs gr\u00e2ce \u00e0 une excellence op\u00e9rationnelle quotidienne.<\/span><\/p>\t\t\t\t\t\t\t\t<\/div>\n\t\t\t\t<div class=\"elementor-element elementor-element-0d8b6b6 elementor-widget elementor-widget-heading\" data-id=\"0d8b6b6\" data-element_type=\"widget\" data-widget_type=\"heading.default\">\n\t\t\t\t\t<h2 class=\"elementor-heading-title elementor-size-default\">Soutien aux pratiques \u00e9quitables et pr\u00e9vention des amendes<\/h2>\t\t\t\t<\/div>\n\t\t\t\t<div class=\"elementor-element elementor-element-0016c12 elementor-widget elementor-widget-text-editor\" data-id=\"0016c12\" data-element_type=\"widget\" data-widget_type=\"text-editor.default\">\n\t\t\t\t\t\t\t\t\t<p>Bien que nous ne soyons pas responsables des amendes impos\u00e9es par les d\u00e9taillants \u2014 celles-ci d\u00e9passant souvent le cadre des services de transport \u2014, nous faisons tout notre possible pour les minimiser. Notre \u00e9quipe surveille le rendement des transporteurs, le respect des rendez-vous et les syst\u00e8mes de rapport des d\u00e9taillants afin d'identifier rapidement les probl\u00e8mes potentiels et d'assurer des livraisons ponctuelles et conformes.<\/p><p>En cas d'amendes, nous fournissons une visibilit\u00e9 d\u00e9taill\u00e9e, une documentation exhaustive et des analyses de donn\u00e9es pour faciliter des discussions \u00e9quitables entre partenaires commerciaux. Conform\u00e9ment au Code de conduite des entreprises du secteur alimentaire, notre objectif est de favoriser une communication constructive qui encourage la compr\u00e9hension et la collaboration de part et d'autre.<\/p><p>Cette approche transparente et ax\u00e9e sur les solutions contribue \u00e0 prot\u00e9ger les int\u00e9r\u00eats de nos clients tout en favorisant une responsabilit\u00e9 partag\u00e9e et une meilleure performance de la cha\u00eene d'approvisionnement pour tous les intervenants concern\u00e9s.<\/p>\t\t\t\t\t\t\t\t<\/div>\n\t\t\t\t<div class=\"elementor-element elementor-element-9ed655e elementor-align-center elementor-widget elementor-widget-button\" data-id=\"9ed655e\" data-element_type=\"widget\" data-widget_type=\"button.default\">\n\t\t\t\t\t\t\t\t\t\t<a class=\"elementor-button elementor-button-link elementor-size-sm\" href=\"https:\/\/logisticsalliance.com\/fr\/contact\/\">\n\t\t\t\t\t\t<span class=\"elementor-button-content-wrapper\">\n\t\t\t\t\t\t\t\t\t<span class=\"elementor-button-text\">Contactez-nous pour en savoir plus<\/span>\n\t\t\t\t\t<\/span>\n\t\t\t\t\t<\/a>\n\t\t\t\t\t\t\t\t<\/div>\n\t\t\t\t\t<\/div>\n\t\t<\/div>\n\t\t\t\t\t<\/div>\n\t\t<\/section>\n\t\t\t\t<\/div>","protected":false},"excerpt":{"rendered":"<p>Logistics Alliance &amp; The Canada Grocery Code of Conduct Driving Transparency, Fairness, &amp; Collaboration Across Canada\u2019s Retail Supply Chain Logistics Alliance Position As a fourth-party logistics (4PL) partner working directly between suppliers and retailers, Logistics Alliance occupies a unique space in Canada\u2019s grocery supply chain. \u00a0 We are not a signatory to the Code, but [&hellip;]<\/p>","protected":false},"author":5,"featured_media":0,"parent":0,"menu_order":0,"comment_status":"closed","ping_status":"closed","template":"","meta":{"footnotes":""},"class_list":["post-2700","page","type-page","status-publish","hentry"],"_links":{"self":[{"href":"https:\/\/logisticsalliance.com\/fr\/wp-json\/wp\/v2\/pages\/2700","targetHints":{"allow":["GET"]}}],"collection":[{"href":"https:\/\/logisticsalliance.com\/fr\/wp-json\/wp\/v2\/pages"}],"about":[{"href":"https:\/\/logisticsalliance.com\/fr\/wp-json\/wp\/v2\/types\/page"}],"author":[{"embeddable":true,"href":"https:\/\/logisticsalliance.com\/fr\/wp-json\/wp\/v2\/users\/5"}],"replies":[{"embeddable":true,"href":"https:\/\/logisticsalliance.com\/fr\/wp-json\/wp\/v2\/comments?post=2700"}],"version-history":[{"count":19,"href":"https:\/\/logisticsalliance.com\/fr\/wp-json\/wp\/v2\/pages\/2700\/revisions"}],"predecessor-version":[{"id":2761,"href":"https:\/\/logisticsalliance.com\/fr\/wp-json\/wp\/v2\/pages\/2700\/revisions\/2761"}],"wp:attachment":[{"href":"https:\/\/logisticsalliance.com\/fr\/wp-json\/wp\/v2\/media?parent=2700"}],"curies":[{"name":"wp","href":"https:\/\/api.w.org\/{rel}","templated":true}]}}