{"id":2495,"date":"2025-11-10T21:29:05","date_gmt":"2025-11-10T21:29:05","guid":{"rendered":"https:\/\/logisticsalliance.com\/?page_id=2495"},"modified":"2025-11-28T13:48:56","modified_gmt":"2025-11-28T13:48:56","slug":"sobeys","status":"publish","type":"page","link":"https:\/\/logisticsalliance.com\/fr\/sobeys\/","title":{"rendered":"Sobeys"},"content":{"rendered":"<div data-elementor-type=\"wp-page\" data-elementor-id=\"2495\" class=\"elementor elementor-2495\" data-elementor-settings=\"{&quot;element_pack_global_tooltip_width&quot;:{&quot;unit&quot;:&quot;px&quot;,&quot;size&quot;:&quot;&quot;,&quot;sizes&quot;:[]},&quot;element_pack_global_tooltip_width_tablet&quot;:{&quot;unit&quot;:&quot;px&quot;,&quot;size&quot;:&quot;&quot;,&quot;sizes&quot;:[]},&quot;element_pack_global_tooltip_width_mobile&quot;:{&quot;unit&quot;:&quot;px&quot;,&quot;size&quot;:&quot;&quot;,&quot;sizes&quot;:[]},&quot;element_pack_global_tooltip_padding&quot;:{&quot;unit&quot;:&quot;px&quot;,&quot;top&quot;:&quot;&quot;,&quot;right&quot;:&quot;&quot;,&quot;bottom&quot;:&quot;&quot;,&quot;left&quot;:&quot;&quot;,&quot;isLinked&quot;:true},&quot;element_pack_global_tooltip_padding_tablet&quot;:{&quot;unit&quot;:&quot;px&quot;,&quot;top&quot;:&quot;&quot;,&quot;right&quot;:&quot;&quot;,&quot;bottom&quot;:&quot;&quot;,&quot;left&quot;:&quot;&quot;,&quot;isLinked&quot;:true},&quot;element_pack_global_tooltip_padding_mobile&quot;:{&quot;unit&quot;:&quot;px&quot;,&quot;top&quot;:&quot;&quot;,&quot;right&quot;:&quot;&quot;,&quot;bottom&quot;:&quot;&quot;,&quot;left&quot;:&quot;&quot;,&quot;isLinked&quot;:true},&quot;element_pack_global_tooltip_border_radius&quot;:{&quot;unit&quot;:&quot;px&quot;,&quot;top&quot;:&quot;&quot;,&quot;right&quot;:&quot;&quot;,&quot;bottom&quot;:&quot;&quot;,&quot;left&quot;:&quot;&quot;,&quot;isLinked&quot;:true},&quot;element_pack_global_tooltip_border_radius_tablet&quot;:{&quot;unit&quot;:&quot;px&quot;,&quot;top&quot;:&quot;&quot;,&quot;right&quot;:&quot;&quot;,&quot;bottom&quot;:&quot;&quot;,&quot;left&quot;:&quot;&quot;,&quot;isLinked&quot;:true},&quot;element_pack_global_tooltip_border_radius_mobile&quot;:{&quot;unit&quot;:&quot;px&quot;,&quot;top&quot;:&quot;&quot;,&quot;right&quot;:&quot;&quot;,&quot;bottom&quot;:&quot;&quot;,&quot;left&quot;:&quot;&quot;,&quot;isLinked&quot;:true}}\" data-elementor-post-type=\"page\">\n\t\t\t\t\t\t<section class=\"elementor-section elementor-top-section elementor-element elementor-element-07ec0b1 elementor-section-full_width elementor-section-height-default elementor-section-height-default\" data-id=\"07ec0b1\" data-element_type=\"section\" data-settings=\"{&quot;background_background&quot;:&quot;classic&quot;}\">\n\t\t\t\t\t\t<div class=\"elementor-container elementor-column-gap-default\">\n\t\t\t\t\t<div class=\"elementor-column elementor-col-100 elementor-top-column elementor-element elementor-element-8971e88\" data-id=\"8971e88\" data-element_type=\"column\">\n\t\t\t<div class=\"elementor-widget-wrap elementor-element-populated\">\n\t\t\t\t\t\t<div class=\"elementor-element elementor-element-f0faa2e elementor-widget elementor-widget-heading\" data-id=\"f0faa2e\" data-element_type=\"widget\" data-widget_type=\"heading.default\">\n\t\t\t\t\t<h1 class=\"elementor-heading-title elementor-size-default\">Partenaire logistique pr\u00e9f\u00e9r\u00e9 de Sobeys pour \n<\/h1>\t\t\t\t<\/div>\n\t\t\t\t<div class=\"elementor-element elementor-element-9a2f3b4 elementor-widget elementor-widget-heading\" data-id=\"9a2f3b4\" data-element_type=\"widget\" data-widget_type=\"heading.default\">\n\t\t\t\t\t<h1 class=\"elementor-heading-title elementor-size-default\">Solutions de cha\u00eene d'approvisionnement sans faille<\/h1>\t\t\t\t<\/div>\n\t\t\t\t<section class=\"elementor-section elementor-inner-section elementor-element elementor-element-f02d8d1 elementor-section-boxed elementor-section-height-default elementor-section-height-default\" data-id=\"f02d8d1\" data-element_type=\"section\">\n\t\t\t\t\t\t<div class=\"elementor-container elementor-column-gap-default\">\n\t\t\t\t\t<div class=\"elementor-column elementor-col-50 elementor-inner-column elementor-element elementor-element-89634df\" data-id=\"89634df\" data-element_type=\"column\">\n\t\t\t<div class=\"elementor-widget-wrap elementor-element-populated\">\n\t\t\t\t\t\t<div class=\"elementor-element elementor-element-37d09aa elementor-widget elementor-widget-image\" data-id=\"37d09aa\" data-element_type=\"widget\" data-widget_type=\"image.default\">\n\t\t\t\t\t\t\t\t\t\t\t\t\t\t\t<img fetchpriority=\"high\" decoding=\"async\" width=\"800\" height=\"504\" src=\"https:\/\/logisticsalliance.com\/wp-content\/uploads\/2025\/11\/Logos_resize-1-1024x645.png\" class=\"attachment-large size-large wp-image-2548\" alt=\"\" srcset=\"https:\/\/logisticsalliance.com\/wp-content\/uploads\/2025\/11\/Logos_resize-1-1024x645.png 1024w, https:\/\/logisticsalliance.com\/wp-content\/uploads\/2025\/11\/Logos_resize-1-300x189.png 300w, https:\/\/logisticsalliance.com\/wp-content\/uploads\/2025\/11\/Logos_resize-1-768x484.png 768w, https:\/\/logisticsalliance.com\/wp-content\/uploads\/2025\/11\/Logos_resize-1-1536x968.png 1536w, https:\/\/logisticsalliance.com\/wp-content\/uploads\/2025\/11\/Logos_resize-1-18x12.png 18w, https:\/\/logisticsalliance.com\/wp-content\/uploads\/2025\/11\/Logos_resize-1.png 2000w\" sizes=\"(max-width: 800px) 100vw, 800px\" \/>\t\t\t\t\t\t\t\t\t\t\t\t\t\t\t<\/div>\n\t\t\t\t\t<\/div>\n\t\t<\/div>\n\t\t\t\t<div class=\"elementor-column elementor-col-50 elementor-inner-column elementor-element elementor-element-2dba570\" data-id=\"2dba570\" data-element_type=\"column\">\n\t\t\t<div class=\"elementor-widget-wrap elementor-element-populated\">\n\t\t\t\t\t\t<div class=\"elementor-element elementor-element-47f3a00 elementor-widget elementor-widget-image\" data-id=\"47f3a00\" data-element_type=\"widget\" data-widget_type=\"image.default\">\n\t\t\t\t\t\t\t\t\t\t\t\t\t\t\t<img decoding=\"async\" width=\"800\" height=\"450\" src=\"https:\/\/logisticsalliance.com\/wp-content\/uploads\/2025\/11\/Sobeys-Page-Images-1024x576.png\" class=\"attachment-large size-large wp-image-2497\" alt=\"\" srcset=\"https:\/\/logisticsalliance.com\/wp-content\/uploads\/2025\/11\/Sobeys-Page-Images-1024x576.png 1024w, https:\/\/logisticsalliance.com\/wp-content\/uploads\/2025\/11\/Sobeys-Page-Images-300x169.png 300w, https:\/\/logisticsalliance.com\/wp-content\/uploads\/2025\/11\/Sobeys-Page-Images-768x432.png 768w, https:\/\/logisticsalliance.com\/wp-content\/uploads\/2025\/11\/Sobeys-Page-Images-1536x864.png 1536w, https:\/\/logisticsalliance.com\/wp-content\/uploads\/2025\/11\/Sobeys-Page-Images-2048x1152.png 2048w, https:\/\/logisticsalliance.com\/wp-content\/uploads\/2025\/11\/Sobeys-Page-Images-18x10.png 18w\" sizes=\"(max-width: 800px) 100vw, 800px\" \/>\t\t\t\t\t\t\t\t\t\t\t\t\t\t\t<\/div>\n\t\t\t\t\t<\/div>\n\t\t<\/div>\n\t\t\t\t\t<\/div>\n\t\t<\/section>\n\t\t\t\t<div class=\"elementor-element elementor-element-c6c7d1d elementor-widget elementor-widget-spacer\" data-id=\"c6c7d1d\" data-element_type=\"widget\" data-widget_type=\"spacer.default\">\n\t\t\t\t\t\t\t<div class=\"elementor-spacer\">\n\t\t\t<div class=\"elementor-spacer-inner\"><\/div>\n\t\t<\/div>\n\t\t\t\t\t\t<\/div>\n\t\t\t\t<div class=\"elementor-element elementor-element-2f338fb elementor-widget elementor-widget-heading\" data-id=\"2f338fb\" data-element_type=\"widget\" data-widget_type=\"heading.default\">\n\t\t\t\t\t<h2 class=\"elementor-heading-title elementor-size-default\">Qui est Logistics Alliance<\/h2>\t\t\t\t<\/div>\n\t\t\t\t<div class=\"elementor-element elementor-element-9f956df elementor-widget elementor-widget-heading\" data-id=\"9f956df\" data-element_type=\"widget\" data-widget_type=\"heading.default\">\n\t\t\t\t\t<h2 class=\"elementor-heading-title elementor-size-default\">Nous sommes des experts en gestion de fret depuis 2000<\/h2>\t\t\t\t<\/div>\n\t\t\t\t<section class=\"elementor-section elementor-inner-section elementor-element elementor-element-7a5f9cc elementor-section-boxed elementor-section-height-default elementor-section-height-default\" data-id=\"7a5f9cc\" data-element_type=\"section\">\n\t\t\t\t\t\t<div class=\"elementor-container elementor-column-gap-default\">\n\t\t\t\t\t<div class=\"elementor-column elementor-col-50 elementor-inner-column elementor-element elementor-element-254cdd5\" data-id=\"254cdd5\" data-element_type=\"column\">\n\t\t\t<div class=\"elementor-widget-wrap elementor-element-populated\">\n\t\t\t\t\t\t<div class=\"elementor-element elementor-element-15a68d1 elementor-widget elementor-widget-text-editor\" data-id=\"15a68d1\" data-element_type=\"widget\" data-widget_type=\"text-editor.default\">\n\t\t\t\t\t\t\t\t\t<p>Logistics Alliance est un partenaire strat\u00e9gique pour le transport entrant, offrant un \u00e9cosyst\u00e8me tout-en-un et ind\u00e9pendant des actifs, qui connecte les fournisseurs aux d\u00e9taillants, garantissant des livraisons fluides gr\u00e2ce \u00e0 l'expertise, \u00e0 la r\u00e9solution proactive des probl\u00e8mes et \u00e0 un service sup\u00e9rieur.<\/p><p>Nous agissons comme un pont entre les fournisseurs et les d\u00e9taillants pour garantir une meilleure disponibilit\u00e9 des produits et des niveaux de service am\u00e9lior\u00e9s.<\/p><p>En centralisant les op\u00e9rations et les donn\u00e9es, Altruos s'assure que chaque action g\u00e9n\u00e8re les informations n\u00e9cessaires pour des d\u00e9cisions plus intelligentes et bas\u00e9es sur les donn\u00e9es.<\/p>\t\t\t\t\t\t\t\t<\/div>\n\t\t\t\t\t<\/div>\n\t\t<\/div>\n\t\t\t\t<div class=\"elementor-column elementor-col-66 elementor-inner-column elementor-element elementor-element-aca5a37\" data-id=\"aca5a37\" data-element_type=\"column\">\n\t\t\t<div class=\"elementor-widget-wrap elementor-element-populated\">\n\t\t\t\t\t\t<div class=\"elementor-element elementor-element-03ef94c elementor-widget elementor-widget-image\" data-id=\"03ef94c\" data-element_type=\"widget\" data-widget_type=\"image.default\">\n\t\t\t\t\t\t\t\t\t\t\t\t\t\t\t<img decoding=\"async\" width=\"768\" height=\"274\" src=\"https:\/\/logisticsalliance.com\/wp-content\/uploads\/2025\/11\/bridge-768x274.png\" class=\"attachment-medium_large size-medium_large wp-image-2499\" alt=\"\" srcset=\"https:\/\/logisticsalliance.com\/wp-content\/uploads\/2025\/11\/bridge-768x274.png 768w, https:\/\/logisticsalliance.com\/wp-content\/uploads\/2025\/11\/bridge-300x107.png 300w, https:\/\/logisticsalliance.com\/wp-content\/uploads\/2025\/11\/bridge-1024x366.png 1024w, https:\/\/logisticsalliance.com\/wp-content\/uploads\/2025\/11\/bridge-1536x549.png 1536w, https:\/\/logisticsalliance.com\/wp-content\/uploads\/2025\/11\/bridge-2048x731.png 2048w, https:\/\/logisticsalliance.com\/wp-content\/uploads\/2025\/11\/bridge-18x6.png 18w\" sizes=\"(max-width: 768px) 100vw, 768px\" \/>\t\t\t\t\t\t\t\t\t\t\t\t\t\t\t<\/div>\n\t\t\t\t\t<\/div>\n\t\t<\/div>\n\t\t\t\t\t<\/div>\n\t\t<\/section>\n\t\t\t\t\t<\/div>\n\t\t<\/div>\n\t\t\t\t\t<\/div>\n\t\t<\/section>\n\t\t\t\t<section class=\"elementor-section elementor-top-section elementor-element elementor-element-04ca206 elementor-section-boxed elementor-section-height-default elementor-section-height-default\" data-id=\"04ca206\" data-element_type=\"section\">\n\t\t\t\t\t\t<div class=\"elementor-container elementor-column-gap-default\">\n\t\t\t\t\t<div class=\"elementor-column elementor-col-100 elementor-top-column elementor-element elementor-element-9115df3\" data-id=\"9115df3\" data-element_type=\"column\">\n\t\t\t<div class=\"elementor-widget-wrap elementor-element-populated\">\n\t\t\t\t\t\t<div class=\"elementor-element elementor-element-f8cc593 elementor-widget elementor-widget-heading\" data-id=\"f8cc593\" data-element_type=\"widget\" data-widget_type=\"heading.default\">\n\t\t\t\t\t<h2 class=\"elementor-heading-title elementor-size-default\">Pourquoi Sobeys choisit Logistics Alliance<\/h2>\t\t\t\t<\/div>\n\t\t\t\t<div class=\"elementor-element elementor-element-8122f4a elementor-widget elementor-widget-heading\" data-id=\"8122f4a\" data-element_type=\"widget\" data-widget_type=\"heading.default\">\n\t\t\t\t\t<h2 class=\"elementor-heading-title elementor-size-default\">Nous privil\u00e9gions un service client proactif et consid\u00e9rons les fournisseurs comme des clients de valeur<\/h2>\t\t\t\t<\/div>\n\t\t\t\t<div class=\"elementor-element elementor-element-e16e4b3 elementor-widget elementor-widget-text-editor\" data-id=\"e16e4b3\" data-element_type=\"widget\" data-widget_type=\"text-editor.default\">\n\t\t\t\t\t\t\t\t\t<p>Sobeys s'associe \u00e0 Logistics Alliance pour renforcer les livraisons ponctuelles et conformes dans son r\u00e9seau de centres de distribution \u2014 tout en soutenant les fournisseurs avec une gestion du transport fiable et transparente.\u00a0<\/p>\t\t\t\t\t\t\t\t<\/div>\n\t\t\t\t<section class=\"elementor-section elementor-inner-section elementor-element elementor-element-aad1eec elementor-section-boxed elementor-section-height-default elementor-section-height-default\" data-id=\"aad1eec\" data-element_type=\"section\">\n\t\t\t\t\t\t<div class=\"elementor-container elementor-column-gap-default\">\n\t\t\t\t\t<div class=\"elementor-column elementor-col-50 elementor-inner-column elementor-element elementor-element-95897a3\" data-id=\"95897a3\" data-element_type=\"column\">\n\t\t\t<div class=\"elementor-widget-wrap elementor-element-populated\">\n\t\t\t\t\t\t<div class=\"elementor-element elementor-element-144a0fa elementor-widget__width-auto elementor-widget elementor-widget-text-editor\" data-id=\"144a0fa\" data-element_type=\"widget\" data-widget_type=\"text-editor.default\">\n\t\t\t\t\t\t\t\t\t<p><strong>R\u00e9approvisionnement et service optimis\u00e9s<\/strong><\/p><ul><li>Grande exp\u00e9rience dans la gestion du fret moins que camion complet (LTL) et du fret multi-arr\u00eats.<\/li><li>Permet des cycles de r\u00e9approvisionnement efficaces et une meilleure disponibilit\u00e9 en rayon.<\/li><\/ul><p><strong>\u00a0<\/strong><\/p><p><strong>Visibilit\u00e9 et Contr\u00f4le de bout en bout<\/strong><\/p><ul><li>Une vue connect\u00e9e de chaque envoi entrant dans les centres de distribution de Sobeys \u2014 aliment\u00e9e par <span style=\"text-decoration: underline;\"><strong><a href=\"https:\/\/logisticsalliance.com\/fr\/altruos\/\">Altruos<\/a><\/strong>,<\/span> notre nouvelle plateforme logistique connect\u00e9e.<\/li><li>Obtenez un meilleur contr\u00f4le et une plus grande transparence gr\u00e2ce au suivi en temps r\u00e9el, \u00e0 une communication proactive et \u00e0 une coordination plus intelligente lors des pics saisonniers, des promotions et des chargements prioritaires.<\/li><\/ul><p><strong>\u00a0<\/strong><\/p><p><strong>R\u00e9seau flexible et fiable<\/strong><\/p><ul><li>\u00c9cosyst\u00e8me \u00e9tendu de plus de 1 000 exp\u00e9diteurs fournisseurs\/clients et de plus de 40 transporteurs pour la scalabilit\u00e9 et la r\u00e9silience.<\/li><\/ul>\t\t\t\t\t\t\t\t<\/div>\n\t\t\t\t\t<\/div>\n\t\t<\/div>\n\t\t\t\t<div class=\"elementor-column elementor-col-50 elementor-inner-column elementor-element elementor-element-efa819f\" data-id=\"efa819f\" data-element_type=\"column\">\n\t\t\t<div class=\"elementor-widget-wrap elementor-element-populated\">\n\t\t\t\t\t\t<div class=\"elementor-element elementor-element-8ea3379 elementor-widget elementor-widget-image\" data-id=\"8ea3379\" data-element_type=\"widget\" data-widget_type=\"image.default\">\n\t\t\t\t\t\t\t\t\t\t\t\t\t\t\t<img loading=\"lazy\" decoding=\"async\" width=\"768\" height=\"768\" src=\"https:\/\/logisticsalliance.com\/wp-content\/uploads\/2025\/09\/LA-Ecosystem-French-e1758733412970.png\" class=\"attachment-medium_large size-medium_large wp-image-2329\" alt=\"\" srcset=\"https:\/\/logisticsalliance.com\/wp-content\/uploads\/2025\/09\/LA-Ecosystem-French-e1758733412970.png 1020w, https:\/\/logisticsalliance.com\/wp-content\/uploads\/2025\/09\/LA-Ecosystem-French-e1758733412970-300x269.png 300w, https:\/\/logisticsalliance.com\/wp-content\/uploads\/2025\/09\/LA-Ecosystem-French-e1758733412970-768x690.png 768w, https:\/\/logisticsalliance.com\/wp-content\/uploads\/2025\/09\/LA-Ecosystem-French-e1758733412970-13x12.png 13w\" sizes=\"(max-width: 768px) 100vw, 768px\" \/>\t\t\t\t\t\t\t\t\t\t\t\t\t\t\t<\/div>\n\t\t\t\t\t<\/div>\n\t\t<\/div>\n\t\t\t\t\t<\/div>\n\t\t<\/section>\n\t\t\t\t<div class=\"elementor-element elementor-element-d325859 elementor-align-center elementor-widget elementor-widget-button\" data-id=\"d325859\" data-element_type=\"widget\" data-widget_type=\"button.default\">\n\t\t\t\t\t\t\t\t\t\t<a class=\"elementor-button elementor-button-link elementor-size-sm\" href=\"https:\/\/logisticsalliance.com\/fr\/contact\/\">\n\t\t\t\t\t\t<span class=\"elementor-button-content-wrapper\">\n\t\t\t\t\t\t\t\t\t<span class=\"elementor-button-text\">Contactez-nous pour en savoir plus<\/span>\n\t\t\t\t\t<\/span>\n\t\t\t\t\t<\/a>\n\t\t\t\t\t\t\t\t<\/div>\n\t\t\t\t<div class=\"elementor-element elementor-element-b950a09 elementor-widget elementor-widget-spacer\" data-id=\"b950a09\" data-element_type=\"widget\" data-widget_type=\"spacer.default\">\n\t\t\t\t\t\t\t<div class=\"elementor-spacer\">\n\t\t\t<div class=\"elementor-spacer-inner\"><\/div>\n\t\t<\/div>\n\t\t\t\t\t\t<\/div>\n\t\t\t\t<div class=\"elementor-element elementor-element-de62af1 elementor-widget elementor-widget-heading\" data-id=\"de62af1\" data-element_type=\"widget\" data-widget_type=\"heading.default\">\n\t\t\t\t\t<h2 class=\"elementor-heading-title elementor-size-default\">Ce que ce partenariat signifie pour vous<\/h2>\t\t\t\t<\/div>\n\t\t\t\t<div class=\"elementor-element elementor-element-73453f5 elementor-widget elementor-widget-heading\" data-id=\"73453f5\" data-element_type=\"widget\" data-widget_type=\"heading.default\">\n\t\t\t\t\t<h2 class=\"elementor-heading-title elementor-size-default\">Principaux avantages de s'associer \u00e0 Logistics Alliance<\/h2>\t\t\t\t<\/div>\n\t\t\t\t<div class=\"elementor-element elementor-element-3e34bc3 elementor-widget elementor-widget-image\" data-id=\"3e34bc3\" data-element_type=\"widget\" data-widget_type=\"image.default\">\n\t\t\t\t\t\t\t\t\t\t\t\t\t\t\t<img loading=\"lazy\" decoding=\"async\" width=\"768\" height=\"636\" src=\"https:\/\/logisticsalliance.com\/wp-content\/uploads\/2025\/11\/advantages_French.png\" class=\"attachment-medium_large size-medium_large wp-image-2614\" alt=\"\" srcset=\"https:\/\/logisticsalliance.com\/wp-content\/uploads\/2025\/11\/advantages_French.png 1080w, https:\/\/logisticsalliance.com\/wp-content\/uploads\/2025\/11\/advantages_French-300x249.png 300w, https:\/\/logisticsalliance.com\/wp-content\/uploads\/2025\/11\/advantages_French-1024x849.png 1024w, https:\/\/logisticsalliance.com\/wp-content\/uploads\/2025\/11\/advantages_French-768x636.png 768w, https:\/\/logisticsalliance.com\/wp-content\/uploads\/2025\/11\/advantages_French-14x12.png 14w\" sizes=\"(max-width: 768px) 100vw, 768px\" \/>\t\t\t\t\t\t\t\t\t\t\t\t\t\t\t<\/div>\n\t\t\t\t<div class=\"elementor-element elementor-element-70d421a elementor-widget elementor-widget-spacer\" data-id=\"70d421a\" data-element_type=\"widget\" data-widget_type=\"spacer.default\">\n\t\t\t\t\t\t\t<div class=\"elementor-spacer\">\n\t\t\t<div class=\"elementor-spacer-inner\"><\/div>\n\t\t<\/div>\n\t\t\t\t\t\t<\/div>\n\t\t\t\t<div class=\"elementor-element elementor-element-a336989 elementor-widget elementor-widget-spacer\" data-id=\"a336989\" data-element_type=\"widget\" data-widget_type=\"spacer.default\">\n\t\t\t\t\t\t\t<div class=\"elementor-spacer\">\n\t\t\t<div class=\"elementor-spacer-inner\"><\/div>\n\t\t<\/div>\n\t\t\t\t\t\t<\/div>\n\t\t\t\t<div class=\"elementor-element elementor-element-dde70d4 elementor-widget elementor-widget-heading\" data-id=\"dde70d4\" data-element_type=\"widget\" data-widget_type=\"heading.default\">\n\t\t\t\t\t<h2 class=\"elementor-heading-title elementor-size-default\">Comment nous travaillons avec Sobeys et les fournisseurs<\/h2>\t\t\t\t<\/div>\n\t\t\t\t<div class=\"elementor-element elementor-element-2c02987 elementor-widget elementor-widget-heading\" data-id=\"2c02987\" data-element_type=\"widget\" data-widget_type=\"heading.default\">\n\t\t\t\t\t<h2 class=\"elementor-heading-title elementor-size-default\">Prochaines \u00e9tapes : un processus simple et fluide<\/h2>\t\t\t\t<\/div>\n\t\t\t\t<div class=\"elementor-element elementor-element-b4eb7b5 elementor-widget elementor-widget-text-editor\" data-id=\"b4eb7b5\" data-element_type=\"widget\" data-widget_type=\"text-editor.default\">\n\t\t\t\t\t\t\t\t\t<p><span class=\"a_GcMg font-feature-liga-off font-feature-clig-off font-feature-calt-off text-decoration-none text-strikethrough-none\">A clear, coordinated process from purchase order to DC delivery.<\/span><\/p>\t\t\t\t\t\t\t\t<\/div>\n\t\t\t\t<div class=\"elementor-element elementor-element-f2b5039 elementor-widget__width-auto elementor-widget elementor-widget-text-editor\" data-id=\"f2b5039\" data-element_type=\"widget\" data-widget_type=\"text-editor.default\">\n\t\t\t\t\t\t\t\t\t<p><strong>\u00c9tape 1 : Explorer les opportunit\u00e9s de partenariat<\/strong><br \/>Alignez-vous sur vos lignes, volumes et exigences de service Sobeys.<\/p><p><strong>\u00c9tape 2 : Analyser les besoins en volume par centre de distribution<\/strong> <br \/>Examiner la r\u00e9partition par centre de distribution pour d\u00e9terminer les solutions et itin\u00e9raires optimaux.<\/p><p><strong>\u00c9tape 3 : Finaliser l'accord de tarification<\/strong><br \/>\u00c9tablissez des prix, des attentes et des responsabilit\u00e9s clairs \u2014 en toute transparence sur la mani\u00e8re dont le programme vous soutient, vous et Sobeys.<\/p><p><strong>\u00c9tape 4 : Confirmez la date de d\u00e9but et compl\u00e9tez le processus d'int\u00e9gration<\/strong><br \/>Int\u00e9gration rapide, envois tests si n\u00e9cessaire, et support continu en tant que votre point de contact unique pour le transport entrant vers les centres de distribution de Sobeys.<\/p>\t\t\t\t\t\t\t\t<\/div>\n\t\t\t\t<div class=\"elementor-element elementor-element-7a22ac6 elementor-widget elementor-widget-spacer\" data-id=\"7a22ac6\" data-element_type=\"widget\" data-widget_type=\"spacer.default\">\n\t\t\t\t\t\t\t<div class=\"elementor-spacer\">\n\t\t\t<div class=\"elementor-spacer-inner\"><\/div>\n\t\t<\/div>\n\t\t\t\t\t\t<\/div>\n\t\t\t\t<div class=\"elementor-element elementor-element-0d8b6b6 elementor-widget elementor-widget-heading\" data-id=\"0d8b6b6\" data-element_type=\"widget\" data-widget_type=\"heading.default\">\n\t\t\t\t\t<h2 class=\"elementor-heading-title elementor-size-default\">Pr\u00eat \u00e0 explorer le programme inbound de Sobeys avec Logistics Alliance ?<\/h2>\t\t\t\t<\/div>\n\t\t\t\t<div class=\"elementor-element elementor-element-0016c12 elementor-widget elementor-widget-text-editor\" data-id=\"0016c12\" data-element_type=\"widget\" data-widget_type=\"text-editor.default\">\n\t\t\t\t\t\t\t\t\t<h4>Que vous soyez nouveau chez Sobeys ou que vous cherchiez \u00e0 optimiser votre configuration actuelle des flux entrants, nous sommes l\u00e0 pour vous aider \u00e0 transporter la marchandise de mani\u00e8re plus efficace \u2014 et plus pr\u00e9visible \u2014 au sein du r\u00e9seau Sobeys.<\/h4>\t\t\t\t\t\t\t\t<\/div>\n\t\t\t\t<div class=\"elementor-element elementor-element-9ed655e elementor-align-center elementor-widget elementor-widget-button\" data-id=\"9ed655e\" data-element_type=\"widget\" data-widget_type=\"button.default\">\n\t\t\t\t\t\t\t\t\t\t<a class=\"elementor-button elementor-button-link elementor-size-sm\" href=\"https:\/\/logisticsalliance.com\/fr\/contact\/\">\n\t\t\t\t\t\t<span class=\"elementor-button-content-wrapper\">\n\t\t\t\t\t\t\t\t\t<span class=\"elementor-button-text\">Contactez-nous pour en savoir plus<\/span>\n\t\t\t\t\t<\/span>\n\t\t\t\t\t<\/a>\n\t\t\t\t\t\t\t\t<\/div>\n\t\t\t\t\t<\/div>\n\t\t<\/div>\n\t\t\t\t\t<\/div>\n\t\t<\/section>\n\t\t\t\t<\/div>","protected":false},"excerpt":{"rendered":"<p>Sobeys Preferred Logistics Partner for Seamless Supply Chain Solutions Who is Logistics Alliance We\u2019re experts in freight management since 2000 Logistics Alliance is a strategic partner for inbound transportation, offering a one-stop, asset-agnostic ecosystem that connects suppliers with retailers, ensuring seamless deliveries through expertise, proactive problem-solving, and superior service. We act as the bridge between [&hellip;]<\/p>","protected":false},"author":5,"featured_media":0,"parent":0,"menu_order":0,"comment_status":"closed","ping_status":"closed","template":"","meta":{"footnotes":""},"class_list":["post-2495","page","type-page","status-publish","hentry"],"_links":{"self":[{"href":"https:\/\/logisticsalliance.com\/fr\/wp-json\/wp\/v2\/pages\/2495","targetHints":{"allow":["GET"]}}],"collection":[{"href":"https:\/\/logisticsalliance.com\/fr\/wp-json\/wp\/v2\/pages"}],"about":[{"href":"https:\/\/logisticsalliance.com\/fr\/wp-json\/wp\/v2\/types\/page"}],"author":[{"embeddable":true,"href":"https:\/\/logisticsalliance.com\/fr\/wp-json\/wp\/v2\/users\/5"}],"replies":[{"embeddable":true,"href":"https:\/\/logisticsalliance.com\/fr\/wp-json\/wp\/v2\/comments?post=2495"}],"version-history":[{"count":47,"href":"https:\/\/logisticsalliance.com\/fr\/wp-json\/wp\/v2\/pages\/2495\/revisions"}],"predecessor-version":[{"id":2733,"href":"https:\/\/logisticsalliance.com\/fr\/wp-json\/wp\/v2\/pages\/2495\/revisions\/2733"}],"wp:attachment":[{"href":"https:\/\/logisticsalliance.com\/fr\/wp-json\/wp\/v2\/media?parent=2495"}],"curies":[{"name":"wp","href":"https:\/\/api.w.org\/{rel}","templated":true}]}}