{"id":23,"date":"2025-08-13T11:50:23","date_gmt":"2025-08-13T11:50:23","guid":{"rendered":"https:\/\/wp264032.wpdns.ca\/?page_id=23"},"modified":"2026-02-18T18:14:09","modified_gmt":"2026-02-18T18:14:09","slug":"contact","status":"publish","type":"page","link":"https:\/\/logisticsalliance.com\/fr\/contact\/","title":{"rendered":"Contact"},"content":{"rendered":"<div data-elementor-type=\"wp-page\" data-elementor-id=\"23\" class=\"elementor elementor-23\" data-elementor-settings=\"{&quot;element_pack_global_tooltip_width&quot;:{&quot;unit&quot;:&quot;px&quot;,&quot;size&quot;:&quot;&quot;,&quot;sizes&quot;:[]},&quot;element_pack_global_tooltip_width_tablet&quot;:{&quot;unit&quot;:&quot;px&quot;,&quot;size&quot;:&quot;&quot;,&quot;sizes&quot;:[]},&quot;element_pack_global_tooltip_width_mobile&quot;:{&quot;unit&quot;:&quot;px&quot;,&quot;size&quot;:&quot;&quot;,&quot;sizes&quot;:[]},&quot;element_pack_global_tooltip_padding&quot;:{&quot;unit&quot;:&quot;px&quot;,&quot;top&quot;:&quot;&quot;,&quot;right&quot;:&quot;&quot;,&quot;bottom&quot;:&quot;&quot;,&quot;left&quot;:&quot;&quot;,&quot;isLinked&quot;:true},&quot;element_pack_global_tooltip_padding_tablet&quot;:{&quot;unit&quot;:&quot;px&quot;,&quot;top&quot;:&quot;&quot;,&quot;right&quot;:&quot;&quot;,&quot;bottom&quot;:&quot;&quot;,&quot;left&quot;:&quot;&quot;,&quot;isLinked&quot;:true},&quot;element_pack_global_tooltip_padding_mobile&quot;:{&quot;unit&quot;:&quot;px&quot;,&quot;top&quot;:&quot;&quot;,&quot;right&quot;:&quot;&quot;,&quot;bottom&quot;:&quot;&quot;,&quot;left&quot;:&quot;&quot;,&quot;isLinked&quot;:true},&quot;element_pack_global_tooltip_border_radius&quot;:{&quot;unit&quot;:&quot;px&quot;,&quot;top&quot;:&quot;&quot;,&quot;right&quot;:&quot;&quot;,&quot;bottom&quot;:&quot;&quot;,&quot;left&quot;:&quot;&quot;,&quot;isLinked&quot;:true},&quot;element_pack_global_tooltip_border_radius_tablet&quot;:{&quot;unit&quot;:&quot;px&quot;,&quot;top&quot;:&quot;&quot;,&quot;right&quot;:&quot;&quot;,&quot;bottom&quot;:&quot;&quot;,&quot;left&quot;:&quot;&quot;,&quot;isLinked&quot;:true},&quot;element_pack_global_tooltip_border_radius_mobile&quot;:{&quot;unit&quot;:&quot;px&quot;,&quot;top&quot;:&quot;&quot;,&quot;right&quot;:&quot;&quot;,&quot;bottom&quot;:&quot;&quot;,&quot;left&quot;:&quot;&quot;,&quot;isLinked&quot;:true}}\" data-elementor-post-type=\"page\">\n\t\t\t\t\t\t<section class=\"elementor-section elementor-top-section elementor-element elementor-element-057ef55 elementor-section-boxed elementor-section-height-default elementor-section-height-default\" data-id=\"057ef55\" data-element_type=\"section\" data-settings=\"{&quot;background_background&quot;:&quot;classic&quot;}\">\n\t\t\t\t\t\t\t<div class=\"elementor-background-overlay\"><\/div>\n\t\t\t\t\t\t\t<div class=\"elementor-container elementor-column-gap-default\">\n\t\t\t\t\t<div class=\"elementor-column elementor-col-100 elementor-top-column elementor-element elementor-element-57ff2b0\" data-id=\"57ff2b0\" data-element_type=\"column\">\n\t\t\t<div class=\"elementor-widget-wrap elementor-element-populated\">\n\t\t\t\t\t\t<div class=\"elementor-element elementor-element-25e56ee elementor-widget elementor-widget-heading\" data-id=\"25e56ee\" data-element_type=\"widget\" data-widget_type=\"heading.default\">\n\t\t\t\t\t<h2 class=\"elementor-heading-title elementor-size-default\">Contact<\/h2>\t\t\t\t<\/div>\n\t\t\t\t<section class=\"elementor-section elementor-inner-section elementor-element elementor-element-d0f71bb elementor-section-boxed elementor-section-height-default elementor-section-height-default\" data-id=\"d0f71bb\" data-element_type=\"section\">\n\t\t\t\t\t\t<div class=\"elementor-container elementor-column-gap-default\">\n\t\t\t\t\t<div class=\"elementor-column elementor-col-100 elementor-inner-column elementor-element elementor-element-c51a7b3\" data-id=\"c51a7b3\" data-element_type=\"column\" data-settings=\"{&quot;background_background&quot;:&quot;classic&quot;}\">\n\t\t\t<div class=\"elementor-widget-wrap elementor-element-populated\">\n\t\t\t\t\t\t<div class=\"elementor-element elementor-element-6513842 elementor-button-align-start elementor-widget elementor-widget-form\" data-id=\"6513842\" data-element_type=\"widget\" data-settings=\"{&quot;step_next_label&quot;:&quot;Next&quot;,&quot;step_previous_label&quot;:&quot;Previous&quot;,&quot;step_type&quot;:&quot;number_text&quot;,&quot;step_icon_shape&quot;:&quot;circle&quot;}\" data-widget_type=\"form.default\">\n\t\t\t\t\t\t\t<form class=\"elementor-form\" method=\"post\" name=\"New Form\" aria-label=\"New Form\" action=\"\">\n\t\t\t<input type=\"hidden\" name=\"post_id\" value=\"23\"\/>\n\t\t\t<input type=\"hidden\" name=\"form_id\" value=\"6513842\"\/>\n\t\t\t<input type=\"hidden\" name=\"referer_title\" value=\"Contact\" \/>\n\n\t\t\t\t\t\t\t<input type=\"hidden\" name=\"queried_id\" value=\"23\"\/>\n\t\t\t\n\t\t\t<div class=\"elementor-form-fields-wrapper elementor-labels-above\">\n\t\t\t\t\t\t\t\t<div class=\"elementor-field-type-text elementor-field-group elementor-column elementor-field-group-name elementor-col-100 elementor-field-required\">\n\t\t\t\t\t\t\t\t\t\t\t\t\t<input size=\"1\" type=\"text\" name=\"form_fields[name]\" id=\"form-field-name\" class=\"elementor-field elementor-size-md  elementor-field-textual\" placeholder=\"Nom complet\" required=\"required\">\n\t\t\t\t\t\t\t\t\t\t\t<\/div>\n\t\t\t\t\t\t\t\t<div class=\"elementor-field-type-email elementor-field-group elementor-column elementor-field-group-email elementor-col-100 elementor-field-required\">\n\t\t\t\t\t\t\t\t\t\t\t\t\t<input size=\"1\" type=\"email\" name=\"form_fields[email]\" id=\"form-field-email\" class=\"elementor-field elementor-size-md  elementor-field-textual\" placeholder=\"Email\" required=\"required\">\n\t\t\t\t\t\t\t\t\t\t\t<\/div>\n\t\t\t\t\t\t\t\t<div class=\"elementor-field-type-tel elementor-field-group elementor-column elementor-field-group-field_229ec5c elementor-col-100\">\n\t\t\t\t\t\t\t<input size=\"1\" type=\"tel\" name=\"form_fields[field_229ec5c]\" id=\"form-field-field_229ec5c\" class=\"elementor-field elementor-size-md  elementor-field-textual\" placeholder=\"Phone Number\" pattern=\"[0-9()#&amp;+*-=.]+\" title=\"Num\u00e9ro de t\u00e9l\u00e9phone\">\n\n\t\t\t\t\t\t<\/div>\n\t\t\t\t\t\t\t\t<div class=\"elementor-field-type-text elementor-field-group elementor-column elementor-field-group-field_a05c842 elementor-col-100\">\n\t\t\t\t\t\t\t\t\t\t\t\t\t<input size=\"1\" type=\"text\" name=\"form_fields[field_a05c842]\" id=\"form-field-field_a05c842\" class=\"elementor-field elementor-size-md  elementor-field-textual\" placeholder=\"Nom de l&#039;entreprise\/organisation\">\n\t\t\t\t\t\t\t\t\t\t\t<\/div>\n\t\t\t\t\t\t\t\t<div class=\"elementor-field-type-text elementor-field-group elementor-column elementor-field-group-field_1675112 elementor-col-100\">\n\t\t\t\t\t\t\t\t\t\t\t\t\t<input size=\"1\" type=\"text\" name=\"form_fields[field_1675112]\" id=\"form-field-field_1675112\" class=\"elementor-field elementor-size-md  elementor-field-textual\" placeholder=\"Emplacement (Ville, Province\/\u00c9tat, Pays)\">\n\t\t\t\t\t\t\t\t\t\t\t<\/div>\n\t\t\t\t\t\t\t\t<div class=\"elementor-field-type-select elementor-field-group elementor-column elementor-field-group-field_9682ce4 elementor-col-100 elementor-field-required\">\n\t\t\t\t\t\t\t<div class=\"elementor-field elementor-select-wrapper remove-before\">\n\t\t\t<div class=\"select-caret-down-wrapper\">\n\t\t\t\t<svg aria-hidden=\"true\" class=\"e-font-icon-svg e-eicon-caret-down\" viewbox=\"0 0 571.4 571.4\" xmlns=\"http:\/\/www.w3.org\/2000\/svg\"><path d=\"M571 393Q571 407 561 418L311 668Q300 679 286 679T261 668L11 418Q0 407 0 393T11 368 36 357H536Q550 357 561 368T571 393Z\"><\/path><\/svg>\t\t\t<\/div>\n\t\t\t<select name=\"form_fields[field_9682ce4]\" id=\"form-field-field_9682ce4\" class=\"elementor-field-textual elementor-size-md\" required=\"required\">\n\t\t\t\t\t\t\t\t\t<option value=\"Select Enquiry Type\">S\u00e9lectionnez le type de demande<\/option>\n\t\t\t\t\t\t\t\t\t<option value=\"General Inquriy\">Enqu\u00eate g\u00e9n\u00e9rale<\/option>\n\t\t\t\t\t\t\t\t\t<option value=\"Request for Quote\">Demande de devis<\/option>\n\t\t\t\t\t\t\t\t\t<option value=\"Partner Opportunities\">Opportunit\u00e9s de partenariat<\/option>\n\t\t\t\t\t\t\t\t\t<option value=\"Support Assistance\">Assistance Assistance<\/option>\n\t\t\t\t\t\t\t<\/select>\n\t\t<\/div>\n\t\t\t\t\t\t<\/div>\n\t\t\t\t\t\t\t\t<div class=\"elementor-field-type-textarea elementor-field-group elementor-column elementor-field-group-message elementor-col-100\">\n\t\t\t\t\t<textarea class=\"elementor-field-textual elementor-field  elementor-size-md\" name=\"form_fields[message]\" id=\"form-field-message\" rows=\"1\" placeholder=\"Commentaires\"><\/textarea>\t\t\t\t<\/div>\n\t\t\t\t\t\t\t\t<div class=\"elementor-field-group elementor-column elementor-field-type-submit elementor-col-100 e-form__buttons\">\n\t\t\t\t\t<button class=\"elementor-button elementor-size-md\" type=\"submit\">\n\t\t\t\t\t\t<span class=\"elementor-button-content-wrapper\">\n\t\t\t\t\t\t\t\t\t\t\t\t\t\t\t<span class=\"elementor-button-icon\">\n\t\t\t\t\t\t\t\t\t<svg aria-hidden=\"true\" class=\"e-font-icon-svg e-far-paper-plane\" viewbox=\"0 0 512 512\" xmlns=\"http:\/\/www.w3.org\/2000\/svg\"><path d=\"M440 6.5L24 246.4c-34.4 19.9-31.1 70.8 5.7 85.9L144 379.6V464c0 46.4 59.2 65.5 86.6 28.6l43.8-59.1 111.9 46.2c5.9 2.4 12.1 3.6 18.3 3.6 8.2 0 16.3-2.1 23.6-6.2 12.8-7.2 21.6-20 23.9-34.5l59.4-387.2c6.1-40.1-36.9-68.8-71.5-48.9zM192 464v-64.6l36.6 15.1L192 464zm212.6-28.7l-153.8-63.5L391 169.5c10.7-15.5-9.5-33.5-23.7-21.2L155.8 332.6 48 288 464 48l-59.4 387.3z\"><\/path><\/svg>\t\t\t\t\t\t\t\t\t\t\t\t\t\t\t\t\t<\/span>\n\t\t\t\t\t\t\t\t\t\t\t\t\t\t\t\t\t\t\t\t\t\t<span class=\"elementor-button-text\">Envoyer le message<\/span>\n\t\t\t\t\t\t\t\t\t\t\t\t\t<\/span>\n\t\t\t\t\t<\/button>\n\t\t\t\t<\/div>\n\t\t\t<\/div>\n\t\t<input type=\"hidden\" name=\"trp-form-language\" value=\"fr\"\/><\/form>\n\t\t\t\t\t\t<\/div>\n\t\t\t\t\t<\/div>\n\t\t<\/div>\n\t\t\t\t\t<\/div>\n\t\t<\/section>\n\t\t\t\t<section class=\"elementor-section elementor-inner-section elementor-element elementor-element-99d633b elementor-section-boxed elementor-section-height-default elementor-section-height-default\" data-id=\"99d633b\" data-element_type=\"section\">\n\t\t\t\t\t\t<div class=\"elementor-container elementor-column-gap-default\">\n\t\t\t\t\t<div class=\"elementor-column elementor-col-25 elementor-inner-column elementor-element elementor-element-da48784\" data-id=\"da48784\" data-element_type=\"column\">\n\t\t\t<div class=\"elementor-widget-wrap elementor-element-populated\">\n\t\t\t\t\t\t<div class=\"elementor-element elementor-element-5931ec3 elementor-widget elementor-widget-image\" data-id=\"5931ec3\" data-element_type=\"widget\" data-widget_type=\"image.default\">\n\t\t\t\t\t\t\t\t\t\t\t\t\t\t\t\t<a href=\"https:\/\/wp264032.wpdns.ca\/\">\n\t\t\t\t\t\t\t<img fetchpriority=\"high\" decoding=\"async\" width=\"2560\" height=\"1161\" src=\"https:\/\/logisticsalliance.com\/wp-content\/uploads\/2025\/08\/LA-logo-1-1-scaled.png\" class=\"attachment-full size-full wp-image-708\" alt=\"\" srcset=\"https:\/\/logisticsalliance.com\/wp-content\/uploads\/2025\/08\/LA-logo-1-1-scaled.png 2560w, https:\/\/logisticsalliance.com\/wp-content\/uploads\/2025\/08\/LA-logo-1-1-300x136.png 300w, https:\/\/logisticsalliance.com\/wp-content\/uploads\/2025\/08\/LA-logo-1-1-1024x464.png 1024w, https:\/\/logisticsalliance.com\/wp-content\/uploads\/2025\/08\/LA-logo-1-1-768x348.png 768w, https:\/\/logisticsalliance.com\/wp-content\/uploads\/2025\/08\/LA-logo-1-1-1536x697.png 1536w, https:\/\/logisticsalliance.com\/wp-content\/uploads\/2025\/08\/LA-logo-1-1-2048x929.png 2048w\" sizes=\"(max-width: 2560px) 100vw, 2560px\" \/>\t\t\t\t\t\t\t\t<\/a>\n\t\t\t\t\t\t\t\t\t\t\t\t\t\t\t<\/div>\n\t\t\t\t\t<\/div>\n\t\t<\/div>\n\t\t\t\t<div class=\"elementor-column elementor-col-25 elementor-inner-column elementor-element elementor-element-263fab4\" data-id=\"263fab4\" data-element_type=\"column\">\n\t\t\t<div class=\"elementor-widget-wrap elementor-element-populated\">\n\t\t\t\t\t\t<div class=\"elementor-element elementor-element-cafc896 elementor-widget elementor-widget-heading\" data-id=\"cafc896\" data-element_type=\"widget\" data-widget_type=\"heading.default\">\n\t\t\t\t\t<h2 class=\"elementor-heading-title elementor-size-default\">Quick Links\n<\/h2>\t\t\t\t<\/div>\n\t\t\t\t<div class=\"elementor-element elementor-element-8db656c elementor-icon-list--layout-traditional elementor-list-item-link-full_width elementor-widget elementor-widget-icon-list\" data-id=\"8db656c\" data-element_type=\"widget\" data-widget_type=\"icon-list.default\">\n\t\t\t\t\t\t\t<ul class=\"elementor-icon-list-items\">\n\t\t\t\t\t\t\t<li class=\"elementor-icon-list-item\">\n\t\t\t\t\t\t\t\t\t\t\t<a href=\"\/fr\/services\/\">\n\n\t\t\t\t\t\t\t\t\t\t\t\t<span class=\"elementor-icon-list-icon\">\n\t\t\t\t\t\t\t<svg aria-hidden=\"true\" class=\"e-font-icon-svg e-fas-minus\" viewbox=\"0 0 448 512\" xmlns=\"http:\/\/www.w3.org\/2000\/svg\"><path d=\"M416 208H32c-17.67 0-32 14.33-32 32v32c0 17.67 14.33 32 32 32h384c17.67 0 32-14.33 32-32v-32c0-17.67-14.33-32-32-32z\"><\/path><\/svg>\t\t\t\t\t\t<\/span>\n\t\t\t\t\t\t\t\t\t\t<span class=\"elementor-icon-list-text\">Nos services<\/span>\n\t\t\t\t\t\t\t\t\t\t\t<\/a>\n\t\t\t\t\t\t\t\t\t<\/li>\n\t\t\t\t\t\t\t\t<li class=\"elementor-icon-list-item\">\n\t\t\t\t\t\t\t\t\t\t\t<a href=\"\/fr\/ce-quils-disent\/\">\n\n\t\t\t\t\t\t\t\t\t\t\t\t<span class=\"elementor-icon-list-icon\">\n\t\t\t\t\t\t\t<svg aria-hidden=\"true\" class=\"e-font-icon-svg e-fas-minus\" viewbox=\"0 0 448 512\" xmlns=\"http:\/\/www.w3.org\/2000\/svg\"><path d=\"M416 208H32c-17.67 0-32 14.33-32 32v32c0 17.67 14.33 32 32 32h384c17.67 0 32-14.33 32-32v-32c0-17.67-14.33-32-32-32z\"><\/path><\/svg>\t\t\t\t\t\t<\/span>\n\t\t\t\t\t\t\t\t\t\t<span class=\"elementor-icon-list-text\">Ce Qu'ils Disent<\/span>\n\t\t\t\t\t\t\t\t\t\t\t<\/a>\n\t\t\t\t\t\t\t\t\t<\/li>\n\t\t\t\t\t\t\t\t<li class=\"elementor-icon-list-item\">\n\t\t\t\t\t\t\t\t\t\t\t<a href=\"\/fr\/a-propos-de-nous\/\">\n\n\t\t\t\t\t\t\t\t\t\t\t\t<span class=\"elementor-icon-list-icon\">\n\t\t\t\t\t\t\t<svg aria-hidden=\"true\" class=\"e-font-icon-svg e-fas-minus\" viewbox=\"0 0 448 512\" xmlns=\"http:\/\/www.w3.org\/2000\/svg\"><path d=\"M416 208H32c-17.67 0-32 14.33-32 32v32c0 17.67 14.33 32 32 32h384c17.67 0 32-14.33 32-32v-32c0-17.67-14.33-32-32-32z\"><\/path><\/svg>\t\t\t\t\t\t<\/span>\n\t\t\t\t\t\t\t\t\t\t<span class=\"elementor-icon-list-text\">Pourquoi LA ?<\/span>\n\t\t\t\t\t\t\t\t\t\t\t<\/a>\n\t\t\t\t\t\t\t\t\t<\/li>\n\t\t\t\t\t\t<\/ul>\n\t\t\t\t\t\t<\/div>\n\t\t\t\t\t<\/div>\n\t\t<\/div>\n\t\t\t\t<div class=\"elementor-column elementor-col-25 elementor-inner-column elementor-element elementor-element-4a6f0e1\" data-id=\"4a6f0e1\" data-element_type=\"column\">\n\t\t\t<div class=\"elementor-widget-wrap elementor-element-populated\">\n\t\t\t\t\t\t<div class=\"elementor-element elementor-element-2338a3c elementor-hidden-mobile elementor-widget elementor-widget-heading\" data-id=\"2338a3c\" data-element_type=\"widget\" data-widget_type=\"heading.default\">\n\t\t\t\t\t<h2 class=\"elementor-heading-title elementor-size-default\">.<\/h2>\t\t\t\t<\/div>\n\t\t\t\t<div class=\"elementor-element elementor-element-91dfbbf elementor-icon-list--layout-traditional elementor-list-item-link-full_width elementor-widget elementor-widget-icon-list\" data-id=\"91dfbbf\" data-element_type=\"widget\" data-widget_type=\"icon-list.default\">\n\t\t\t\t\t\t\t<ul class=\"elementor-icon-list-items\">\n\t\t\t\t\t\t\t<li class=\"elementor-icon-list-item\">\n\t\t\t\t\t\t\t\t\t\t\t<a href=\"\/fr\/notre-equipe\/\">\n\n\t\t\t\t\t\t\t\t\t\t\t\t<span class=\"elementor-icon-list-icon\">\n\t\t\t\t\t\t\t<svg aria-hidden=\"true\" class=\"e-font-icon-svg e-fas-minus\" viewbox=\"0 0 448 512\" xmlns=\"http:\/\/www.w3.org\/2000\/svg\"><path d=\"M416 208H32c-17.67 0-32 14.33-32 32v32c0 17.67 14.33 32 32 32h384c17.67 0 32-14.33 32-32v-32c0-17.67-14.33-32-32-32z\"><\/path><\/svg>\t\t\t\t\t\t<\/span>\n\t\t\t\t\t\t\t\t\t\t<span class=\"elementor-icon-list-text\">Notre \u00e9quipe<\/span>\n\t\t\t\t\t\t\t\t\t\t\t<\/a>\n\t\t\t\t\t\t\t\t\t<\/li>\n\t\t\t\t\t\t\t\t<li class=\"elementor-icon-list-item\">\n\t\t\t\t\t\t\t\t\t\t\t<a href=\"\/fr\/ressources\/\">\n\n\t\t\t\t\t\t\t\t\t\t\t\t<span class=\"elementor-icon-list-icon\">\n\t\t\t\t\t\t\t<svg aria-hidden=\"true\" class=\"e-font-icon-svg e-fas-minus\" viewbox=\"0 0 448 512\" xmlns=\"http:\/\/www.w3.org\/2000\/svg\"><path d=\"M416 208H32c-17.67 0-32 14.33-32 32v32c0 17.67 14.33 32 32 32h384c17.67 0 32-14.33 32-32v-32c0-17.67-14.33-32-32-32z\"><\/path><\/svg>\t\t\t\t\t\t<\/span>\n\t\t\t\t\t\t\t\t\t\t<span class=\"elementor-icon-list-text\">Ressources<\/span>\n\t\t\t\t\t\t\t\t\t\t\t<\/a>\n\t\t\t\t\t\t\t\t\t<\/li>\n\t\t\t\t\t\t\t\t<li class=\"elementor-icon-list-item\">\n\t\t\t\t\t\t\t\t\t\t\t<a href=\"\/fr\/contact\/\">\n\n\t\t\t\t\t\t\t\t\t\t\t\t<span class=\"elementor-icon-list-icon\">\n\t\t\t\t\t\t\t<svg aria-hidden=\"true\" class=\"e-font-icon-svg e-fas-minus\" viewbox=\"0 0 448 512\" xmlns=\"http:\/\/www.w3.org\/2000\/svg\"><path d=\"M416 208H32c-17.67 0-32 14.33-32 32v32c0 17.67 14.33 32 32 32h384c17.67 0 32-14.33 32-32v-32c0-17.67-14.33-32-32-32z\"><\/path><\/svg>\t\t\t\t\t\t<\/span>\n\t\t\t\t\t\t\t\t\t\t<span class=\"elementor-icon-list-text\">Contactez-nous<\/span>\n\t\t\t\t\t\t\t\t\t\t\t<\/a>\n\t\t\t\t\t\t\t\t\t<\/li>\n\t\t\t\t\t\t<\/ul>\n\t\t\t\t\t\t<\/div>\n\t\t\t\t\t<\/div>\n\t\t<\/div>\n\t\t\t\t<div class=\"elementor-column elementor-col-25 elementor-inner-column elementor-element elementor-element-6d8e97b\" data-id=\"6d8e97b\" data-element_type=\"column\">\n\t\t\t<div class=\"elementor-widget-wrap elementor-element-populated\">\n\t\t\t\t\t\t<div class=\"elementor-element elementor-element-7ab37c6 elementor-widget elementor-widget-heading\" data-id=\"7ab37c6\" data-element_type=\"widget\" data-widget_type=\"heading.default\">\n\t\t\t\t\t<h2 class=\"elementor-heading-title elementor-size-default\">CONTACTEZ-NOUS<\/h2>\t\t\t\t<\/div>\n\t\t\t\t<div class=\"elementor-element elementor-element-10b06bd elementor-icon-list--layout-traditional elementor-list-item-link-full_width elementor-widget elementor-widget-icon-list\" data-id=\"10b06bd\" data-element_type=\"widget\" data-widget_type=\"icon-list.default\">\n\t\t\t\t\t\t\t<ul class=\"elementor-icon-list-items\">\n\t\t\t\t\t\t\t<li class=\"elementor-icon-list-item\">\n\t\t\t\t\t\t\t\t\t\t\t<a href=\"https:\/\/www.google.com\/maps\/place\/7025+Langer+Dr+%23205,+Mississauga,+ON+L5N+0E8,+Canada\/@43.6081353,-79.7530871,631m\/data=!3m2!1e3!4b1!4m6!3m5!1s0x882b6a9abd329edd:0x49ac528dd4a8d703!8m2!3d43.6081353!4d-79.7505122!16s%2Fg%2F11qqn8t049?entry=ttu&#038;g_ep=EgoyMDI1MDgzMC4wIKXMDSoASAFQAw%3D%3D\">\n\n\t\t\t\t\t\t\t\t\t\t\t\t<span class=\"elementor-icon-list-icon\">\n\t\t\t\t\t\t\t<svg xmlns=\"http:\/\/www.w3.org\/2000\/svg\" width=\"800\" height=\"800\" viewbox=\"0 0 800 800\" fill=\"none\"><g clip-path=\"url(#clip0_146_169)\"><path fill-rule=\"evenodd\" clip-rule=\"evenodd\" d=\"M400 375C358.575 375 325 341.425 325 300C325 258.575 358.575 225 400 225C441.425 225 475 258.575 475 300C475 341.425 441.425 375 400 375ZM400 175C330.975 175 275 230.95 275 300C275 369.05 330.975 425 400 425C469.025 425 525 369.05 525 300C525 230.95 469.025 175 400 175ZM400 725C358.425 725.225 150 404.525 150 300C150 161.95 261.925 50 400 50C538.075 50 650 161.95 650 300C650 403.125 440.925 725.225 400 725ZM400 0C234.325 0 100 134.325 100 300C100 425.45 350.125 800.275 400 800C449.1 800.275 700 423.75 700 300C700 134.325 565.675 0 400 0Z\" fill=\"#012C55\"><\/path><\/g><defs><clippath id=\"clip0_146_169\"><rect width=\"800\" height=\"800\" fill=\"white\"><\/rect><\/clippath><\/defs><\/svg>\t\t\t\t\t\t<\/span>\n\t\t\t\t\t\t\t\t\t\t<span class=\"elementor-icon-list-text\">7025 Langer Drive, Suite 205, Mississauga, ON L5N 0E8<\/span>\n\t\t\t\t\t\t\t\t\t\t\t<\/a>\n\t\t\t\t\t\t\t\t\t<\/li>\n\t\t\t\t\t\t\t\t<li class=\"elementor-icon-list-item\">\n\t\t\t\t\t\t\t\t\t\t\t<a href=\"mailto:%20customersuccess@logisticsalliance.com\">\n\n\t\t\t\t\t\t\t\t\t\t\t\t<span class=\"elementor-icon-list-icon\">\n\t\t\t\t\t\t\t<svg xmlns=\"http:\/\/www.w3.org\/2000\/svg\" width=\"800\" height=\"800\" viewbox=\"0 0 800 800\" fill=\"none\"><g clip-path=\"url(#clip0_146_177)\"><path d=\"M53.7109 236.89C60.949 225.136 76.3537 221.476 88.1103 228.711L400 420.63L711.89 228.711C723.646 221.476 739.051 225.136 746.289 236.89C753.524 248.646 749.864 264.051 738.11 271.289L413.11 471.289C405.075 476.234 394.925 476.234 386.89 471.289L61.8896 271.289C50.1361 264.051 46.4761 248.646 53.7109 236.89Z\" fill=\"#012C55\"><\/path><path d=\"M700 263.087L400 55.3965L100 263.087V575.001C100 616.194 133.807 650.001 175 650.001H625C666.193 650.001 700 616.194 700 575.001V263.087ZM750 575.001C750 643.808 693.807 700.001 625 700.001H175C106.193 700.001 50 643.808 50 575.001V250.001C50 241.798 54.0224 234.114 60.7666 229.444L385.767 4.44432L389.111 2.49119C397.131 -1.39104 406.747 -0.738817 414.233 4.44432L739.233 229.444C745.978 234.114 750 241.798 750 250.001V575.001Z\" fill=\"#012C55\"><\/path><\/g><defs><clippath id=\"clip0_146_177\"><rect width=\"800\" height=\"800\" fill=\"white\"><\/rect><\/clippath><\/defs><\/svg>\t\t\t\t\t\t<\/span>\n\t\t\t\t\t\t\t\t\t\t<span class=\"elementor-icon-list-text\">customersuccess@logisticsalliance.com<\/span>\n\t\t\t\t\t\t\t\t\t\t\t<\/a>\n\t\t\t\t\t\t\t\t\t<\/li>\n\t\t\t\t\t\t\t\t<li class=\"elementor-icon-list-item\">\n\t\t\t\t\t\t\t\t\t\t\t<a href=\"tel:%20(905)%20-%20792%20-%206180\">\n\n\t\t\t\t\t\t\t\t\t\t\t\t<span class=\"elementor-icon-list-icon\">\n\t\t\t\t\t\t\t<svg xmlns=\"http:\/\/www.w3.org\/2000\/svg\" width=\"800\" height=\"800\" viewbox=\"0 0 800 800\" fill=\"none\"><path fill-rule=\"evenodd\" clip-rule=\"evenodd\" d=\"M157.257 103.063C198.129 60.0314 265.737 68.0937 299.523 115.88L341.557 175.329C368.58 213.551 366.297 266.69 334.047 300.646L325.883 309.239C325.861 309.298 325.837 309.363 325.812 309.432C325.381 310.644 324.29 314.504 325.363 321.829C327.588 337.013 339.31 367.869 386.9 417.973C434.637 468.229 463.593 480.076 477.01 482.256C482.8 483.196 485.827 482.379 486.793 482.039L500.413 467.699C529.54 437.033 574.95 430.993 611.567 452.069L675.25 488.723C729.68 520.053 742.35 596.693 698.85 642.489L651.5 692.343C636.72 707.903 616.567 721.183 591.667 723.639C530.87 729.643 390.033 721.826 242.387 566.383C104.615 421.333 78.442 295.17 75.1336 233.53C73.499 203.074 87.0746 176.951 104.937 158.146L157.257 103.063ZM258.697 144.745C241.618 120.59 210.937 119.149 193.509 137.497L141.189 192.58C130.143 204.21 124.347 217.54 125.062 230.85C127.763 281.177 149.436 395.919 278.64 531.946C414.113 674.576 538.92 678.603 586.753 673.883C596.213 672.949 605.943 667.699 615.247 657.909L662.597 608.056C683.023 586.549 677.67 547.806 650.307 532.059L586.623 495.403C569.533 485.566 549.513 488.606 536.667 502.133L521.483 518.116L503.913 501.426C521.483 518.116 521.46 518.139 521.44 518.166L521.39 518.213L521.293 518.316L521.08 518.533L520.603 519.003C520.26 519.336 519.863 519.699 519.417 520.093C518.52 520.879 517.41 521.776 516.08 522.719C513.407 524.613 509.85 526.696 505.353 528.469C496.153 532.099 484.003 534.046 468.997 531.609C439.743 526.859 401.407 505.849 350.647 452.406C299.734 398.806 280.249 358.816 275.892 329.077C273.674 313.942 275.449 301.822 278.705 292.67C280.307 288.169 282.198 284.58 283.942 281.855C284.812 280.496 285.641 279.358 286.373 278.432C286.74 277.969 287.082 277.559 287.394 277.2L287.838 276.701L288.042 276.48L288.138 276.376L288.185 276.326C288.208 276.302 288.231 276.278 305.954 293.11L288.232 276.277L297.792 266.212C312.643 250.576 314.801 224.097 300.73 204.195L258.697 144.745Z\" fill=\"#012C55\"><\/path><path d=\"M441.983 62.6604C444.19 49.0308 457.073 39.7851 470.703 41.9914C471.547 42.1531 474.263 42.6604 475.683 42.9771C478.53 43.6108 482.497 44.5858 487.443 46.0268C497.337 48.9081 511.157 53.6551 527.743 61.2594C560.953 76.4848 605.147 103.118 651.007 148.978C696.867 194.838 723.5 239.032 738.723 272.241C746.33 288.828 751.077 302.648 753.957 312.541C755.397 317.488 756.373 321.456 757.007 324.3C757.323 325.722 757.557 326.864 757.717 327.708L757.91 328.748C760.113 342.376 750.953 355.796 737.323 358.003C723.733 360.203 710.93 350.999 708.67 337.436C708.6 337.069 708.407 336.093 708.203 335.169C707.79 333.323 707.08 330.395 705.953 326.523C703.697 318.779 699.78 307.268 693.273 293.079C680.28 264.735 656.913 225.596 615.65 184.333C574.39 143.071 535.25 119.705 506.907 106.711C492.717 100.205 481.207 96.2878 473.46 94.0318C469.59 92.9041 464.723 91.7871 462.877 91.3761C449.31 89.1151 439.783 76.2511 441.983 62.6604Z\" fill=\"#012C55\"><\/path><path fill-rule=\"evenodd\" clip-rule=\"evenodd\" d=\"M449.537 177.644C453.33 164.368 467.167 156.681 480.443 160.474L473.573 184.512C480.443 160.474 480.43 160.471 480.443 160.474L480.49 160.488L480.54 160.503L480.653 160.535L480.91 160.612L481.57 160.818C482.073 160.979 482.7 161.188 483.45 161.453C484.947 161.985 486.923 162.74 489.35 163.78C494.207 165.861 500.843 169.075 508.993 173.899C525.31 183.555 547.583 199.594 573.747 225.76C599.913 251.926 615.953 274.199 625.61 290.514C630.433 298.665 633.647 305.3 635.727 310.156C636.767 312.583 637.523 314.562 638.053 316.059C638.32 316.807 638.53 317.435 638.69 317.937L638.897 318.597L638.973 318.855L639.007 318.967L639.02 319.018C639.023 319.03 639.033 319.066 614.997 325.934L639.033 319.066C642.827 332.342 635.14 346.177 621.863 349.971C608.7 353.734 594.987 346.207 591.057 333.139L590.933 332.779C590.757 332.278 590.387 331.292 589.77 329.852C588.537 326.974 586.3 322.267 582.58 315.98C575.147 303.422 561.723 284.447 538.393 261.116C515.06 237.784 496.087 224.36 483.527 216.928C477.24 213.207 472.533 210.971 469.657 209.737C468.217 209.12 467.23 208.753 466.73 208.575L466.37 208.452C453.3 204.522 445.777 190.807 449.537 177.644Z\" fill=\"#012C55\"><\/path><\/svg>\t\t\t\t\t\t<\/span>\n\t\t\t\t\t\t\t\t\t\t<span class=\"elementor-icon-list-text\">(905) - 792 - 6180<\/span>\n\t\t\t\t\t\t\t\t\t\t\t<\/a>\n\t\t\t\t\t\t\t\t\t<\/li>\n\t\t\t\t\t\t<\/ul>\n\t\t\t\t\t\t<\/div>\n\t\t\t\t\t<\/div>\n\t\t<\/div>\n\t\t\t\t\t<\/div>\n\t\t<\/section>\n\t\t\t\t\t<\/div>\n\t\t<\/div>\n\t\t\t\t\t<\/div>\n\t\t<\/section>\n\t\t\t\t<\/div>","protected":false},"excerpt":{"rendered":"<p>Contact Quick Links Our Services What They Say Why LA ? . Our Team Resources Connect With Us Contact Us 7025 Langer Drive, Suite 205, Mississauga, ON L5N 0E8 customersuccess@logisticsalliance.com (905) &#8211; 792 &#8211; 6180<\/p>","protected":false},"author":2,"featured_media":0,"parent":0,"menu_order":0,"comment_status":"closed","ping_status":"closed","template":"","meta":{"footnotes":""},"class_list":["post-23","page","type-page","status-publish","hentry"],"_links":{"self":[{"href":"https:\/\/logisticsalliance.com\/fr\/wp-json\/wp\/v2\/pages\/23","targetHints":{"allow":["GET"]}}],"collection":[{"href":"https:\/\/logisticsalliance.com\/fr\/wp-json\/wp\/v2\/pages"}],"about":[{"href":"https:\/\/logisticsalliance.com\/fr\/wp-json\/wp\/v2\/types\/page"}],"author":[{"embeddable":true,"href":"https:\/\/logisticsalliance.com\/fr\/wp-json\/wp\/v2\/users\/2"}],"replies":[{"embeddable":true,"href":"https:\/\/logisticsalliance.com\/fr\/wp-json\/wp\/v2\/comments?post=23"}],"version-history":[{"count":82,"href":"https:\/\/logisticsalliance.com\/fr\/wp-json\/wp\/v2\/pages\/23\/revisions"}],"predecessor-version":[{"id":2864,"href":"https:\/\/logisticsalliance.com\/fr\/wp-json\/wp\/v2\/pages\/23\/revisions\/2864"}],"wp:attachment":[{"href":"https:\/\/logisticsalliance.com\/fr\/wp-json\/wp\/v2\/media?parent=23"}],"curies":[{"name":"wp","href":"https:\/\/api.w.org\/{rel}","templated":true}]}}